{"id":59,"date":"2025-02-27T23:20:49","date_gmt":"2025-02-28T02:20:49","guid":{"rendered":"https:\/\/nomundodoturismo.com.br\/home\/?page_id=59"},"modified":"2025-05-18T20:41:07","modified_gmt":"2025-05-18T23:41:07","slug":"dicas-de-viagem","status":"publish","type":"page","link":"https:\/\/nomundodoturismo.com.br\/home\/dicas-de-viagem\/","title":{"rendered":"Dicas de Viagem"},"content":{"rendered":"<div id=\"nomun-2976564019\" class=\"nomun-top nomun-entity-placement\" style=\"margin-left: auto;margin-right: auto;text-align: center;\"><a href=\"https:\/\/nomundodoturismo.com.br\/home\/\" aria-label=\"Imagem: Lan\u00e7amento do Festival\"><img loading=\"lazy\" decoding=\"async\" src=\"https:\/\/nomundodoturismo.com.br\/home\/wp-content\/uploads\/2025\/05\/banner3.png\" alt=\"\"  srcset=\"https:\/\/nomundodoturismo.com.br\/home\/wp-content\/uploads\/2025\/05\/banner3.png 780w, https:\/\/nomundodoturismo.com.br\/home\/wp-content\/uploads\/2025\/05\/banner3-300x35.png 300w, https:\/\/nomundodoturismo.com.br\/home\/wp-content\/uploads\/2025\/05\/banner3-768x89.png 768w\" sizes=\"(max-width: 780px) 100vw, 780px\" width=\"780\" height=\"90\"  style=\"display: inline-block;\" \/><\/a><\/div>\n\n<div class=\"su-posts su-posts-default-loop \">\n\n\t\n\t\t\t\t\t\n\t\t\t\n\t\t\t<div id=\"su-post-3410\" class=\"su-post \">\n\n\t\t\t\t\t\t\t\t\t<a class=\"su-post-thumbnail\" href=\"https:\/\/nomundodoturismo.com.br\/home\/2026\/04\/dicas-de-viagem\/minas-gerais-em-poucos-dias-um-roteiro-enxuto-para-aproveitar-belo-horizonte\/\"><img loading=\"lazy\" decoding=\"async\" width=\"700\" height=\"500\" src=\"https:\/\/nomundodoturismo.com.br\/home\/wp-content\/uploads\/2026\/04\/Design-sem-nome-70.jpg\" class=\"attachment-post-thumbnail size-post-thumbnail wp-post-image\" alt=\"\" \/><\/a>\n\t\t\t\t\n\t\t\t\t<h2 class=\"su-post-title\"><a href=\"https:\/\/nomundodoturismo.com.br\/home\/2026\/04\/dicas-de-viagem\/minas-gerais-em-poucos-dias-um-roteiro-enxuto-para-aproveitar-belo-horizonte\/\">Minas Gerais em poucos dias: um roteiro enxuto para aproveitar Belo Horizonte<\/a><\/h2>\n\n\t\t\t\t<div class=\"su-post-meta\">\n\t\t\t\t\tPosted: 23 de abril de 2026\t\t\t\t<\/div>\n\n\t\t\t\t<div class=\"su-post-excerpt\">\n\t\t\t\t\t<p>Minas Gerais deixa saudades\u2026 e vontade de voltar Por Giuliana Rodrigues Viajar para Minas Gerais \u00e9, ao mesmo tempo, gostoso e desafiador: gostoso pela comida, pela hospitalidade e pela atmosfera acolhedora; desafiador pela quantidade de destinos interessantes espalhados por um territ\u00f3rio enorme. Por isso, quando o tempo \u00e9 curto, a melhor estrat\u00e9gia \u00e9 assumir um<\/p>\n\t\t\t\t<\/div>\n\n\t\t\t\t\n\t\t\t<\/div>\n\n\t\t\t\t\t\n\t\t\t\n\t\t\t<div id=\"su-post-3340\" class=\"su-post \">\n\n\t\t\t\t\t\t\t\t\t<a class=\"su-post-thumbnail\" href=\"https:\/\/nomundodoturismo.com.br\/home\/2026\/04\/dicas-de-viagem\/serra-gaucha-o-ano-inteiro-o-que-fazer-em-gramado-e-canela-com-sol-ou-chuva\/\"><img loading=\"lazy\" decoding=\"async\" width=\"700\" height=\"500\" src=\"https:\/\/nomundodoturismo.com.br\/home\/wp-content\/uploads\/2026\/04\/Untitled-design-8.jpeg\" class=\"attachment-post-thumbnail size-post-thumbnail wp-post-image\" alt=\"\" \/><\/a>\n\t\t\t\t\n\t\t\t\t<h2 class=\"su-post-title\"><a href=\"https:\/\/nomundodoturismo.com.br\/home\/2026\/04\/dicas-de-viagem\/serra-gaucha-o-ano-inteiro-o-que-fazer-em-gramado-e-canela-com-sol-ou-chuva\/\">Serra Ga\u00facha o ano inteiro: o que fazer em Gramado e Canela com sol ou chuva<\/a><\/h2>\n\n\t\t\t\t<div class=\"su-post-meta\">\n\t\t\t\t\tPosted: 12 de abril de 2026\t\t\t\t<\/div>\n\n\t\t\t\t<div class=\"su-post-excerpt\">\n\t\t\t\t\t<p>Quem escolhe a Serra Ga\u00facha como destino j\u00e1 sabe: charme europeu, gastronomia marcante e atra\u00e7\u00f5es para todos os estilos. Mas uma d\u00favida comum entre viajantes \u00e9 como montar o roteiro dependendo do clima. A boa not\u00edcia \u00e9 que tanto Gramado quanto Canela oferecem experi\u00eancias completas fa\u00e7a sol ou fa\u00e7a chuvam e \u00e9 justamente essa versatilidade<\/p>\n\t\t\t\t<\/div>\n\n\t\t\t\t\n\t\t\t<\/div>\n\n\t\t\t\t\t\n\t\t\t\n\t\t\t<div id=\"su-post-2618\" class=\"su-post \">\n\n\t\t\t\t\t\t\t\t\t<a class=\"su-post-thumbnail\" href=\"https:\/\/nomundodoturismo.com.br\/home\/2026\/02\/dicas-de-viagem\/rota-caminhos-da-tradicao-oferece-experiencia-cultural-em-joao-pessoa-com-cortejo-carnavalesco\/\"><img loading=\"lazy\" decoding=\"async\" width=\"700\" height=\"500\" src=\"https:\/\/nomundodoturismo.com.br\/home\/wp-content\/uploads\/2026\/02\/Design-sem-nome-36.jpg\" class=\"attachment-post-thumbnail size-post-thumbnail wp-post-image\" alt=\"\" \/><\/a>\n\t\t\t\t\n\t\t\t\t<h2 class=\"su-post-title\"><a href=\"https:\/\/nomundodoturismo.com.br\/home\/2026\/02\/dicas-de-viagem\/rota-caminhos-da-tradicao-oferece-experiencia-cultural-em-joao-pessoa-com-cortejo-carnavalesco\/\">Rota Caminhos da Tradi\u00e7\u00e3o oferece experi\u00eancia cultural em Jo\u00e3o Pessoa com cortejo carnavalesco<\/a><\/h2>\n\n\t\t\t\t<div class=\"su-post-meta\">\n\t\t\t\t\tPosted: 7 de fevereiro de 2026\t\t\t\t<\/div>\n\n\t\t\t\t<div class=\"su-post-excerpt\">\n\t\t\t\t\t<p>A Rota Caminhos da Tradi\u00e7\u00e3o, em Jo\u00e3o Pessoa, \u00e9 uma experi\u00eancia de turismo cultural que convida visitantes a mergulhar nas tradi\u00e7\u00f5es populares da Para\u00edba. A viv\u00eancia acontece na Pra\u00e7a da Amizade, no bairro do Rangel, e \u00e9 conduzida pelo grupo Urso Amigo Batucada, refer\u00eancia no folclore carnavalesco e na percuss\u00e3o popular. Voltada para turistas que<\/p>\n\t\t\t\t<\/div>\n\n\t\t\t\t\n\t\t\t<\/div>\n\n\t\t\t\t\t\n\t\t\t\n\t\t\t<div id=\"su-post-2520\" class=\"su-post \">\n\n\t\t\t\t\t\t\t\t\t<a class=\"su-post-thumbnail\" href=\"https:\/\/nomundodoturismo.com.br\/home\/2026\/02\/dicas-de-viagem\/turismo-de-bem-estar-fortalece-roteiro-entre-campina-grande-e-lagoa-seca\/\"><img loading=\"lazy\" decoding=\"async\" width=\"700\" height=\"500\" src=\"https:\/\/nomundodoturismo.com.br\/home\/wp-content\/uploads\/2026\/02\/Untitled-design-1.jpeg\" class=\"attachment-post-thumbnail size-post-thumbnail wp-post-image\" alt=\"\" \/><\/a>\n\t\t\t\t\n\t\t\t\t<h2 class=\"su-post-title\"><a href=\"https:\/\/nomundodoturismo.com.br\/home\/2026\/02\/dicas-de-viagem\/turismo-de-bem-estar-fortalece-roteiro-entre-campina-grande-e-lagoa-seca\/\">Turismo de bem-estar fortalece roteiro entre Campina Grande e Lagoa Seca<\/a><\/h2>\n\n\t\t\t\t<div class=\"su-post-meta\">\n\t\t\t\t\tPosted: 2 de fevereiro de 2026\t\t\t\t<\/div>\n\n\t\t\t\t<div class=\"su-post-excerpt\">\n\t\t\t\t\t<p>Entre o Agreste e o Brejo paraibano, Campina Grande e Lagoa Seca se conectam em uma experi\u00eancia pensada para quem busca desacelerar, cuidar de si e se reconectar com a natureza e a espiritualidade. A Rota Sa\u00fade e Bem-Estar convida o viajante a viver um dia de transforma\u00e7\u00e3o, onde corpo e mente encontram harmonia em<\/p>\n\t\t\t\t<\/div>\n\n\t\t\t\t\n\t\t\t<\/div>\n\n\t\t\t\t\t\n\t\t\t\n\t\t\t<div id=\"su-post-2466\" class=\"su-post \">\n\n\t\t\t\t\t\t\t\t\t<a class=\"su-post-thumbnail\" href=\"https:\/\/nomundodoturismo.com.br\/home\/2026\/01\/dicas-de-viagem\/roteiro-raizes-da-cultura-revela-experiencias-autenticas-no-litoral-sul-da-paraiba\/\"><img loading=\"lazy\" decoding=\"async\" width=\"700\" height=\"500\" src=\"https:\/\/nomundodoturismo.com.br\/home\/wp-content\/uploads\/2026\/01\/Design-sem-nome-19.jpg\" class=\"attachment-post-thumbnail size-post-thumbnail wp-post-image\" alt=\"\" \/><\/a>\n\t\t\t\t\n\t\t\t\t<h2 class=\"su-post-title\"><a href=\"https:\/\/nomundodoturismo.com.br\/home\/2026\/01\/dicas-de-viagem\/roteiro-raizes-da-cultura-revela-experiencias-autenticas-no-litoral-sul-da-paraiba\/\">Roteiro Ra\u00edzes da Cultura revela experi\u00eancias aut\u00eanticas no litoral sul da Para\u00edba<\/a><\/h2>\n\n\t\t\t\t<div class=\"su-post-meta\">\n\t\t\t\t\tPosted: 27 de janeiro de 2026\t\t\t\t<\/div>\n\n\t\t\t\t<div class=\"su-post-excerpt\">\n\t\t\t\t\t<p>O Roteiro Ra\u00edzes da Cultura \u00e9 uma das experi\u00eancias mais aut\u00eanticas do turismo cultural na Para\u00edba e integra o Cat\u00e1logo de Experi\u00eancias Tur\u00edsticas do estado. Com dura\u00e7\u00e3o aproximada de dez horas, o passeio convida o viajante a mergulhar nas ra\u00edzes hist\u00f3ricas, culturais e gastron\u00f4micas do litoral sul paraibano, passando pelos munic\u00edpios de Conde, Pitimbu, Alhandra<\/p>\n\t\t\t\t<\/div>\n\n\t\t\t\t\n\t\t\t<\/div>\n\n\t\t\n\t\n<\/div>\n\n<div id=\"nomun-3671223435\" class=\"nomun-rodape nomun-entity-placement\" style=\"margin-left: auto;margin-right: auto;text-align: center;\"><a href=\"https:\/\/nomundodoturismo.com.br\/home\/\" aria-label=\"Imagem: Lan\u00e7amento do Festival\"><img loading=\"lazy\" decoding=\"async\" src=\"https:\/\/nomundodoturismo.com.br\/home\/wp-content\/uploads\/2025\/05\/banner3.png\" alt=\"\"  srcset=\"https:\/\/nomundodoturismo.com.br\/home\/wp-content\/uploads\/2025\/05\/banner3.png 780w, https:\/\/nomundodoturismo.com.br\/home\/wp-content\/uploads\/2025\/05\/banner3-300x35.png 300w, https:\/\/nomundodoturismo.com.br\/home\/wp-content\/uploads\/2025\/05\/banner3-768x89.png 768w\" sizes=\"(max-width: 780px) 100vw, 780px\" width=\"780\" height=\"90\"  style=\"display: inline-block;\" \/><\/a><\/div>","protected":false},"excerpt":{"rendered":"","protected":false},"author":1,"featured_media":0,"parent":0,"menu_order":0,"comment_status":"closed","ping_status":"closed","template":"","meta":{"_acf_changed":false,"_crdt_document":"","_FSMCFIC_featured_image_caption":"","_FSMCFIC_featured_image_nocaption":"","_FSMCFIC_featured_image_hide":"","footnotes":""},"class_list":["post-59","page","type-page","status-publish","hentry"],"acf":[],"yoast_head":"<!-- This site is optimized with the Yoast SEO plugin v27.3 - https:\/\/yoast.com\/product\/yoast-seo-wordpress\/ -->\n<title>Dicas de Viagem - No mundo do Turismo<\/title>\n<meta name=\"robots\" content=\"index, follow, max-snippet:-1, max-image-preview:large, max-video-preview:-1\" \/>\n<link rel=\"canonical\" href=\"https:\/\/nomundodoturismo.com.br\/home\/dicas-de-viagem\/\" \/>\n<meta property=\"og:locale\" content=\"pt_BR\" \/>\n<meta property=\"og:type\" content=\"article\" \/>\n<meta property=\"og:title\" content=\"Dicas de Viagem - No mundo do Turismo\" \/>\n<meta property=\"og:url\" content=\"https:\/\/nomundodoturismo.com.br\/home\/dicas-de-viagem\/\" \/>\n<meta property=\"og:site_name\" content=\"No mundo do Turismo\" \/>\n<meta property=\"article:publisher\" content=\"https:\/\/facebook.com\/nomundodoturismo\" \/>\n<meta property=\"article:modified_time\" content=\"2025-05-18T23:41:07+00:00\" \/>\n<meta name=\"twitter:card\" content=\"summary_large_image\" \/>\n<meta name=\"twitter:site\" content=\"@nomundodoturismo\" \/>\n<script type=\"application\/ld+json\" class=\"yoast-schema-graph\">{\"@context\":\"https:\\\/\\\/schema.org\",\"@graph\":[{\"@type\":\"WebPage\",\"@id\":\"https:\\\/\\\/nomundodoturismo.com.br\\\/home\\\/dicas-de-viagem\\\/\",\"url\":\"https:\\\/\\\/nomundodoturismo.com.br\\\/home\\\/dicas-de-viagem\\\/\",\"name\":\"Dicas de Viagem - No mundo do Turismo\",\"isPartOf\":{\"@id\":\"https:\\\/\\\/nomundodoturismo.com.br\\\/home\\\/#website\"},\"datePublished\":\"2025-02-28T02:20:49+00:00\",\"dateModified\":\"2025-05-18T23:41:07+00:00\",\"breadcrumb\":{\"@id\":\"https:\\\/\\\/nomundodoturismo.com.br\\\/home\\\/dicas-de-viagem\\\/#breadcrumb\"},\"inLanguage\":\"pt-BR\",\"potentialAction\":[{\"@type\":\"ReadAction\",\"target\":[\"https:\\\/\\\/nomundodoturismo.com.br\\\/home\\\/dicas-de-viagem\\\/\"]}]},{\"@type\":\"BreadcrumbList\",\"@id\":\"https:\\\/\\\/nomundodoturismo.com.br\\\/home\\\/dicas-de-viagem\\\/#breadcrumb\",\"itemListElement\":[{\"@type\":\"ListItem\",\"position\":1,\"name\":\"In\u00edcio\",\"item\":\"https:\\\/\\\/nomundodoturismo.com.br\\\/home\\\/\"},{\"@type\":\"ListItem\",\"position\":2,\"name\":\"Dicas de Viagem\"}]},{\"@type\":\"WebSite\",\"@id\":\"https:\\\/\\\/nomundodoturismo.com.br\\\/home\\\/#website\",\"url\":\"https:\\\/\\\/nomundodoturismo.com.br\\\/home\\\/\",\"name\":\"No Mundo do Turismo\",\"description\":\"Um espa\u00e7o para compartilhar experi\u00eancia e informa\u00e7\u00f5es tur\u00edsticas e culturais\",\"publisher\":{\"@id\":\"https:\\\/\\\/nomundodoturismo.com.br\\\/home\\\/#organization\"},\"potentialAction\":[{\"@type\":\"SearchAction\",\"target\":{\"@type\":\"EntryPoint\",\"urlTemplate\":\"https:\\\/\\\/nomundodoturismo.com.br\\\/home\\\/?s={search_term_string}\"},\"query-input\":{\"@type\":\"PropertyValueSpecification\",\"valueRequired\":true,\"valueName\":\"search_term_string\"}}],\"inLanguage\":\"pt-BR\"},{\"@type\":\"Organization\",\"@id\":\"https:\\\/\\\/nomundodoturismo.com.br\\\/home\\\/#organization\",\"name\":\"No Mundo do Turismo\",\"url\":\"https:\\\/\\\/nomundodoturismo.com.br\\\/home\\\/\",\"logo\":{\"@type\":\"ImageObject\",\"inLanguage\":\"pt-BR\",\"@id\":\"https:\\\/\\\/nomundodoturismo.com.br\\\/home\\\/#\\\/schema\\\/logo\\\/image\\\/\",\"url\":\"https:\\\/\\\/nomundodoturismo.com.br\\\/home\\\/wp-content\\\/uploads\\\/2025\\\/02\\\/centralNMTurismo2024.png\",\"contentUrl\":\"https:\\\/\\\/nomundodoturismo.com.br\\\/home\\\/wp-content\\\/uploads\\\/2025\\\/02\\\/centralNMTurismo2024.png\",\"width\":500,\"height\":150,\"caption\":\"No Mundo do Turismo\"},\"image\":{\"@id\":\"https:\\\/\\\/nomundodoturismo.com.br\\\/home\\\/#\\\/schema\\\/logo\\\/image\\\/\"},\"sameAs\":[\"https:\\\/\\\/facebook.com\\\/nomundodoturismo\",\"https:\\\/\\\/x.com\\\/nomundodoturismo\"]}]}<\/script>\n<!-- \/ Yoast SEO plugin. -->","yoast_head_json":{"title":"Dicas de Viagem - No mundo do Turismo","robots":{"index":"index","follow":"follow","max-snippet":"max-snippet:-1","max-image-preview":"max-image-preview:large","max-video-preview":"max-video-preview:-1"},"canonical":"https:\/\/nomundodoturismo.com.br\/home\/dicas-de-viagem\/","og_locale":"pt_BR","og_type":"article","og_title":"Dicas de Viagem - No mundo do Turismo","og_url":"https:\/\/nomundodoturismo.com.br\/home\/dicas-de-viagem\/","og_site_name":"No mundo do Turismo","article_publisher":"https:\/\/facebook.com\/nomundodoturismo","article_modified_time":"2025-05-18T23:41:07+00:00","twitter_card":"summary_large_image","twitter_site":"@nomundodoturismo","schema":{"@context":"https:\/\/schema.org","@graph":[{"@type":"WebPage","@id":"https:\/\/nomundodoturismo.com.br\/home\/dicas-de-viagem\/","url":"https:\/\/nomundodoturismo.com.br\/home\/dicas-de-viagem\/","name":"Dicas de Viagem - No mundo do Turismo","isPartOf":{"@id":"https:\/\/nomundodoturismo.com.br\/home\/#website"},"datePublished":"2025-02-28T02:20:49+00:00","dateModified":"2025-05-18T23:41:07+00:00","breadcrumb":{"@id":"https:\/\/nomundodoturismo.com.br\/home\/dicas-de-viagem\/#breadcrumb"},"inLanguage":"pt-BR","potentialAction":[{"@type":"ReadAction","target":["https:\/\/nomundodoturismo.com.br\/home\/dicas-de-viagem\/"]}]},{"@type":"BreadcrumbList","@id":"https:\/\/nomundodoturismo.com.br\/home\/dicas-de-viagem\/#breadcrumb","itemListElement":[{"@type":"ListItem","position":1,"name":"In\u00edcio","item":"https:\/\/nomundodoturismo.com.br\/home\/"},{"@type":"ListItem","position":2,"name":"Dicas de Viagem"}]},{"@type":"WebSite","@id":"https:\/\/nomundodoturismo.com.br\/home\/#website","url":"https:\/\/nomundodoturismo.com.br\/home\/","name":"No Mundo do Turismo","description":"Um espa\u00e7o para compartilhar experi\u00eancia e informa\u00e7\u00f5es tur\u00edsticas e culturais","publisher":{"@id":"https:\/\/nomundodoturismo.com.br\/home\/#organization"},"potentialAction":[{"@type":"SearchAction","target":{"@type":"EntryPoint","urlTemplate":"https:\/\/nomundodoturismo.com.br\/home\/?s={search_term_string}"},"query-input":{"@type":"PropertyValueSpecification","valueRequired":true,"valueName":"search_term_string"}}],"inLanguage":"pt-BR"},{"@type":"Organization","@id":"https:\/\/nomundodoturismo.com.br\/home\/#organization","name":"No Mundo do Turismo","url":"https:\/\/nomundodoturismo.com.br\/home\/","logo":{"@type":"ImageObject","inLanguage":"pt-BR","@id":"https:\/\/nomundodoturismo.com.br\/home\/#\/schema\/logo\/image\/","url":"https:\/\/nomundodoturismo.com.br\/home\/wp-content\/uploads\/2025\/02\/centralNMTurismo2024.png","contentUrl":"https:\/\/nomundodoturismo.com.br\/home\/wp-content\/uploads\/2025\/02\/centralNMTurismo2024.png","width":500,"height":150,"caption":"No Mundo do Turismo"},"image":{"@id":"https:\/\/nomundodoturismo.com.br\/home\/#\/schema\/logo\/image\/"},"sameAs":["https:\/\/facebook.com\/nomundodoturismo","https:\/\/x.com\/nomundodoturismo"]}]}},"jetpack_sharing_enabled":true,"_links":{"self":[{"href":"https:\/\/nomundodoturismo.com.br\/home\/wp-json\/wp\/v2\/pages\/59","targetHints":{"allow":["GET"]}}],"collection":[{"href":"https:\/\/nomundodoturismo.com.br\/home\/wp-json\/wp\/v2\/pages"}],"about":[{"href":"https:\/\/nomundodoturismo.com.br\/home\/wp-json\/wp\/v2\/types\/page"}],"author":[{"embeddable":true,"href":"https:\/\/nomundodoturismo.com.br\/home\/wp-json\/wp\/v2\/users\/1"}],"replies":[{"embeddable":true,"href":"https:\/\/nomundodoturismo.com.br\/home\/wp-json\/wp\/v2\/comments?post=59"}],"version-history":[{"count":4,"href":"https:\/\/nomundodoturismo.com.br\/home\/wp-json\/wp\/v2\/pages\/59\/revisions"}],"predecessor-version":[{"id":545,"href":"https:\/\/nomundodoturismo.com.br\/home\/wp-json\/wp\/v2\/pages\/59\/revisions\/545"}],"wp:attachment":[{"href":"https:\/\/nomundodoturismo.com.br\/home\/wp-json\/wp\/v2\/media?parent=59"}],"curies":[{"name":"wp","href":"https:\/\/api.w.org\/{rel}","templated":true}]}}