{"id":61,"date":"2025-02-27T23:21:27","date_gmt":"2025-02-28T02:21:27","guid":{"rendered":"https:\/\/nomundodoturismo.com.br\/home\/?page_id=61"},"modified":"2025-03-15T00:52:50","modified_gmt":"2025-03-15T03:52:50","slug":"brasil","status":"publish","type":"page","link":"https:\/\/nomundodoturismo.com.br\/home\/brasil\/","title":{"rendered":"Brasil"},"content":{"rendered":"<div id=\"nomun-2042212888\" class=\"nomun-top nomun-entity-placement\" style=\"margin-left: auto;margin-right: auto;text-align: center;\"><a href=\"https:\/\/nomundodoturismo.com.br\/home\/\" aria-label=\"Imagem: Lan\u00e7amento do Festival\"><img loading=\"lazy\" decoding=\"async\" src=\"https:\/\/nomundodoturismo.com.br\/home\/wp-content\/uploads\/2025\/05\/banner3.png\" alt=\"\"  srcset=\"https:\/\/nomundodoturismo.com.br\/home\/wp-content\/uploads\/2025\/05\/banner3.png 780w, https:\/\/nomundodoturismo.com.br\/home\/wp-content\/uploads\/2025\/05\/banner3-300x35.png 300w, https:\/\/nomundodoturismo.com.br\/home\/wp-content\/uploads\/2025\/05\/banner3-768x89.png 768w\" sizes=\"(max-width: 780px) 100vw, 780px\" width=\"780\" height=\"90\"  style=\"display: inline-block;\" \/><\/a><\/div>\n\n<div class=\"su-posts su-posts-default-loop \">\n\n\t\n\t\t\t\t\t\n\t\t\t\n\t\t\t<div id=\"su-post-3451\" class=\"su-post \">\n\n\t\t\t\t\t\t\t\t\t<a class=\"su-post-thumbnail\" href=\"https:\/\/nomundodoturismo.com.br\/home\/2026\/04\/brasil\/anac-passageiro-conheca-o-novo-canal-oficial-para-reclamacoes-e-direitos-do-viajante\/\"><img loading=\"lazy\" decoding=\"async\" width=\"700\" height=\"500\" src=\"https:\/\/nomundodoturismo.com.br\/home\/wp-content\/uploads\/2026\/04\/Levar-o-festival-para-esses-territorios-e-uma-forma-de-descentralizar-o-acesso-ao-cinema-fortalecer-a-producao-local-e-promover-encontros-potentes-entre-obras-realizadores-e-publico.jpg\" class=\"attachment-post-thumbnail size-post-thumbnail wp-post-image\" alt=\"\" \/><\/a>\n\t\t\t\t\n\t\t\t\t<h2 class=\"su-post-title\"><a href=\"https:\/\/nomundodoturismo.com.br\/home\/2026\/04\/brasil\/anac-passageiro-conheca-o-novo-canal-oficial-para-reclamacoes-e-direitos-do-viajante\/\">Anac Passageiro: conhe\u00e7a o novo canal oficial para reclama\u00e7\u00f5es e direitos do viajante<\/a><\/h2>\n\n\t\t\t\t<div class=\"su-post-meta\">\n\t\t\t\t\tPosted: 22 de abril de 2026\t\t\t\t<\/div>\n\n\t\t\t\t<div class=\"su-post-excerpt\">\n\t\t\t\t\t<p>Os viajantes brasileiros ganharam uma ferramenta para garantir seus direitos nos aeroportos. Foi lan\u00e7ada oficialmente a plataforma Anac Passageiro, um ambiente digital criado pela Ag\u00eancia Nacional de Avia\u00e7\u00e3o Civil para centralizar informa\u00e7\u00f5es e, principalmente, agilizar a resolu\u00e7\u00e3o de conflitos entre consumidores e companhias a\u00e9reas. A novidade permite que o usu\u00e1rio registre queixas e acompanhe todo<\/p>\n\t\t\t\t<\/div>\n\n\t\t\t\t\n\t\t\t<\/div>\n\n\t\t\t\t\t\n\t\t\t\n\t\t\t<div id=\"su-post-3298\" class=\"su-post \">\n\n\t\t\t\t\t\t\t\t\t<a class=\"su-post-thumbnail\" href=\"https:\/\/nomundodoturismo.com.br\/home\/2026\/04\/brasil\/turismo-registra-aumento-de-68-mil-empregos-e-atinge-a-marca-de-239-milhoes-de-trabalhadores-no-pais\/\"><img loading=\"lazy\" decoding=\"async\" width=\"700\" height=\"500\" src=\"https:\/\/nomundodoturismo.com.br\/home\/wp-content\/uploads\/2026\/04\/Design-sem-nome-63.jpg\" class=\"attachment-post-thumbnail size-post-thumbnail wp-post-image\" alt=\"\" \/><\/a>\n\t\t\t\t\n\t\t\t\t<h2 class=\"su-post-title\"><a href=\"https:\/\/nomundodoturismo.com.br\/home\/2026\/04\/brasil\/turismo-registra-aumento-de-68-mil-empregos-e-atinge-a-marca-de-239-milhoes-de-trabalhadores-no-pais\/\">Turismo registra aumento de 68 mil empregos e atinge a marca de 2,39 milh\u00f5es de trabalhadores no pa\u00eds<\/a><\/h2>\n\n\t\t\t\t<div class=\"su-post-meta\">\n\t\t\t\t\tPosted: 8 de abril de 2026\t\t\t\t<\/div>\n\n\t\t\t\t<div class=\"su-post-excerpt\">\n\t\t\t\t\t<p>Em um ano, o Brasil registrou um aumento de quase 70 mil trabalhadores com carteira assinada no setor do turismo. Dados do Cadastro Geral de Empregados e Desempregados (Novo Caged), do Minist\u00e9rio do Trabalho e Emprego, apontam que, ao final de fevereiro de 2026, havia 2.393.933 de pessoas empregadas na cadeia produtiva do setor. Em<\/p>\n\t\t\t\t<\/div>\n\n\t\t\t\t\n\t\t\t<\/div>\n\n\t\t\t\t\t\n\t\t\t\n\t\t\t<div id=\"su-post-3269\" class=\"su-post \">\n\n\t\t\t\t\t\t\t\t\t<a class=\"su-post-thumbnail\" href=\"https:\/\/nomundodoturismo.com.br\/home\/2026\/04\/brasil\/conferencia-discute-acoes-em-busca-de-um-mundo-melhor-e-mais-justo\/\"><img loading=\"lazy\" decoding=\"async\" width=\"768\" height=\"434\" src=\"https:\/\/nomundodoturismo.com.br\/home\/wp-content\/uploads\/2026\/04\/IMG_6084.jpeg\" class=\"attachment-post-thumbnail size-post-thumbnail wp-post-image\" alt=\"\" \/><\/a>\n\t\t\t\t\n\t\t\t\t<h2 class=\"su-post-title\"><a href=\"https:\/\/nomundodoturismo.com.br\/home\/2026\/04\/brasil\/conferencia-discute-acoes-em-busca-de-um-mundo-melhor-e-mais-justo\/\">Confer\u00eancia discute a\u00e7\u00f5es em busca de um mundo melhor e mais justo<\/a><\/h2>\n\n\t\t\t\t<div class=\"su-post-meta\">\n\t\t\t\t\tPosted: 3 de abril de 2026\t\t\t\t<\/div>\n\n\t\t\t\t<div class=\"su-post-excerpt\">\n\t\t\t\t\t<p>Pela primeira vez na hist\u00f3ria, o Brasil ser\u00e1 sede da Confer\u00eancia dos Objetivos de Desenvolvimento Sustent\u00e1vel (ODS) \u2013 um evento grandioso que vai discutir medidas com objetivo de erradicar a pobreza extrema, combater a desigualdade e a injusti\u00e7a, e reparar mudan\u00e7as clim\u00e1ticas. A 1\u00aa Confer\u00eancia Nacional dos Objetivos de Desenvolvimento Sustent\u00e1vel (ODS) \u00e9 promovida pelo<\/p>\n\t\t\t\t<\/div>\n\n\t\t\t\t\n\t\t\t<\/div>\n\n\t\t\t\t\t\n\t\t\t\n\t\t\t<div id=\"su-post-3211\" class=\"su-post \">\n\n\t\t\t\t\t\t\t\t\t<a class=\"su-post-thumbnail\" href=\"https:\/\/nomundodoturismo.com.br\/home\/2026\/03\/brasil\/reajuste-no-querosene-de-aviacao-deve-encarecer-passagens-no-brasil\/\"><img loading=\"lazy\" decoding=\"async\" width=\"1200\" height=\"800\" src=\"https:\/\/nomundodoturismo.com.br\/home\/wp-content\/uploads\/2026\/03\/Azul-abastecimento-combustivel-jet.jpg\" class=\"attachment-post-thumbnail size-post-thumbnail wp-post-image\" alt=\"\" \/><\/a>\n\t\t\t\t\n\t\t\t\t<h2 class=\"su-post-title\"><a href=\"https:\/\/nomundodoturismo.com.br\/home\/2026\/03\/brasil\/reajuste-no-querosene-de-aviacao-deve-encarecer-passagens-no-brasil\/\">Reajuste no querosene de avia\u00e7\u00e3o deve encarecer passagens no Brasil<\/a><\/h2>\n\n\t\t\t\t<div class=\"su-post-meta\">\n\t\t\t\t\tPosted: 30 de mar\u00e7o de 2026\t\t\t\t<\/div>\n\n\t\t\t\t<div class=\"su-post-excerpt\">\n\t\t\t\t\t<p>A Vibra Distribuidora anunciou um reajuste hist\u00f3rico no pre\u00e7o do querosene de avia\u00e7\u00e3o (QAV), com aumento de 54,63% a partir de 1\u00ba de abril. A medida deve impactar diretamente os custos da avia\u00e7\u00e3o no Brasil e pressionar o valor das passagens a\u00e9reas. O aumento ocorre em meio \u00e0 escalada do pre\u00e7o do petr\u00f3leo no mercado<\/p>\n\t\t\t\t<\/div>\n\n\t\t\t\t\n\t\t\t<\/div>\n\n\t\t\t\t\t\n\t\t\t\n\t\t\t<div id=\"su-post-3185\" class=\"su-post \">\n\n\t\t\t\t\t\t\t\t\t<a class=\"su-post-thumbnail\" href=\"https:\/\/nomundodoturismo.com.br\/home\/2026\/03\/brasil\/abril-de-2026-tem-2-feriados-e-ate-4-dias-de-folga-veja-datas\/\"><img loading=\"lazy\" decoding=\"async\" width=\"700\" height=\"500\" src=\"https:\/\/nomundodoturismo.com.br\/home\/wp-content\/uploads\/2026\/03\/WhatsApp-Image-2026-03-30-at-09.34.47.jpeg\" class=\"attachment-post-thumbnail size-post-thumbnail wp-post-image\" alt=\"\" \/><\/a>\n\t\t\t\t\n\t\t\t\t<h2 class=\"su-post-title\"><a href=\"https:\/\/nomundodoturismo.com.br\/home\/2026\/03\/brasil\/abril-de-2026-tem-2-feriados-e-ate-4-dias-de-folga-veja-datas\/\">Abril de 2026 tem 2 feriados e at\u00e9 4 dias de folga; veja datas<\/a><\/h2>\n\n\t\t\t\t<div class=\"su-post-meta\">\n\t\t\t\t\tPosted: 30 de mar\u00e7o de 2026\t\t\t\t<\/div>\n\n\t\t\t\t<div class=\"su-post-excerpt\">\n\t\t\t\t\t<p>Abril de 2026 chega com um formato que chama aten\u00e7\u00e3o de quem observa o calend\u00e1rio: h\u00e1 dois feriados nacionais bem posicionados e datas que permitem ampliar os per\u00edodos de descanso. Dependendo do setor e da cidade, fins de semana comuns podem se transformar em pausas mais longas. A combina\u00e7\u00e3o entre feriados e pontos facultativos pode<\/p>\n\t\t\t\t<\/div>\n\n\t\t\t\t\n\t\t\t<\/div>\n\n\t\t\t\t\t\n\t\t\t\n\t\t\t<div id=\"su-post-2996\" class=\"su-post \">\n\n\t\t\t\t\t\t\t\t\t<a class=\"su-post-thumbnail\" href=\"https:\/\/nomundodoturismo.com.br\/home\/2026\/03\/brasil\/uber-lanca-opcao-para-passageiras-solicitarem-motoristas-mulheres-em-13-capitais\/\"><img loading=\"lazy\" decoding=\"async\" width=\"700\" height=\"500\" src=\"https:\/\/nomundodoturismo.com.br\/home\/wp-content\/uploads\/2026\/03\/Untitled-design-21.jpeg\" class=\"attachment-post-thumbnail size-post-thumbnail wp-post-image\" alt=\"\" \/><\/a>\n\t\t\t\t\n\t\t\t\t<h2 class=\"su-post-title\"><a href=\"https:\/\/nomundodoturismo.com.br\/home\/2026\/03\/brasil\/uber-lanca-opcao-para-passageiras-solicitarem-motoristas-mulheres-em-13-capitais\/\">Uber lan\u00e7a op\u00e7\u00e3o para passageiras solicitarem motoristas mulheres em 13 capitais<\/a><\/h2>\n\n\t\t\t\t<div class=\"su-post-meta\">\n\t\t\t\t\tPosted: 11 de mar\u00e7o de 2026\t\t\t\t<\/div>\n\n\t\t\t\t<div class=\"su-post-excerpt\">\n\t\t\t\t\t<p>A Uber anunciou a expans\u00e3o da funcionalidade Uber Mulher, recurso que permite que passageiras brasileiras priorizem viagens com motoristas mulheres. A ferramenta, que vinha sendo testada em sete cidades, come\u00e7ar\u00e1 a ser disponibilizada gradualmente em 13 capitais nos pr\u00f3ximos dias, entre elas Jo\u00e3o Pessoa, al\u00e9m de S\u00e3o Paulo, Rio de Janeiro, Belo Horizonte, Salvador, Bras\u00edlia,<\/p>\n\t\t\t\t<\/div>\n\n\t\t\t\t\n\t\t\t<\/div>\n\n\t\t\t\t\t\n\t\t\t\n\t\t\t<div id=\"su-post-2945\" class=\"su-post \">\n\n\t\t\t\t\t\t\t\t\t<a class=\"su-post-thumbnail\" href=\"https:\/\/nomundodoturismo.com.br\/home\/2026\/03\/brasil\/turismo-feminino-em-alta-quatro-em-cada-dez-brasileiras-ja-viajaram-sozinhas\/\"><img loading=\"lazy\" decoding=\"async\" width=\"700\" height=\"500\" src=\"https:\/\/nomundodoturismo.com.br\/home\/wp-content\/uploads\/2026\/03\/Untitled-design-10.jpeg\" class=\"attachment-post-thumbnail size-post-thumbnail wp-post-image\" alt=\"\" \/><\/a>\n\t\t\t\t\n\t\t\t\t<h2 class=\"su-post-title\"><a href=\"https:\/\/nomundodoturismo.com.br\/home\/2026\/03\/brasil\/turismo-feminino-em-alta-quatro-em-cada-dez-brasileiras-ja-viajaram-sozinhas\/\">Turismo feminino em alta: quatro em cada dez brasileiras j\u00e1 viajaram sozinhas<\/a><\/h2>\n\n\t\t\t\t<div class=\"su-post-meta\">\n\t\t\t\t\tPosted: 8 de mar\u00e7o de 2026\t\t\t\t<\/div>\n\n\t\t\t\t<div class=\"su-post-excerpt\">\n\t\t\t\t\t<p>Viajar sozinha deixou de ser exce\u00e7\u00e3o e passou a fazer parte da realidade de muitas brasileiras. Um levantamento in\u00e9dito do Minist\u00e9rio do Turismo mostra que quatro em cada dez mulheres no pa\u00eds j\u00e1 fizeram ao menos uma viagem solo, e 31,4% afirmam que realizam esse tipo de experi\u00eancia com frequ\u00eancia. Os dados fazem parte do<\/p>\n\t\t\t\t<\/div>\n\n\t\t\t\t\n\t\t\t<\/div>\n\n\t\t\t\t\t\n\t\t\t\n\t\t\t<div id=\"su-post-2932\" class=\"su-post \">\n\n\t\t\t\t\t\t\t\t\t<a class=\"su-post-thumbnail\" href=\"https:\/\/nomundodoturismo.com.br\/home\/2026\/03\/brasil\/novo-acordo-entre-brasil-e-uniao-europeia-sobre-isencao-de-visto-e-sancionado\/\"><img loading=\"lazy\" decoding=\"async\" width=\"700\" height=\"500\" src=\"https:\/\/nomundodoturismo.com.br\/home\/wp-content\/uploads\/2026\/03\/Design-sem-nome-52.jpg\" class=\"attachment-post-thumbnail size-post-thumbnail wp-post-image\" alt=\"\" \/><\/a>\n\t\t\t\t\n\t\t\t\t<h2 class=\"su-post-title\"><a href=\"https:\/\/nomundodoturismo.com.br\/home\/2026\/03\/brasil\/novo-acordo-entre-brasil-e-uniao-europeia-sobre-isencao-de-visto-e-sancionado\/\">Novo acordo entre Brasil e Uni\u00e3o Europeia sobre isen\u00e7\u00e3o de visto \u00e9 sancionado<\/a><\/h2>\n\n\t\t\t\t<div class=\"su-post-meta\">\n\t\t\t\t\tPosted: 5 de mar\u00e7o de 2026\t\t\t\t<\/div>\n\n\t\t\t\t<div class=\"su-post-excerpt\">\n\t\t\t\t\t<p>O presidente Luiz In\u00e1cio Lula da Silva (PT) sancionou o novo acordo entre o Brasil e a Uni\u00e3o Europeia (UE) que atualiza as regras de isen\u00e7\u00e3o de vistos para viagens de curta dura\u00e7\u00e3o. As mudan\u00e7as, negociadas em setembro de 2021, foram aprovadas pelo Congresso Nacional no ano passado. Em vigor h\u00e1 mais de uma d\u00e9cada,<\/p>\n\t\t\t\t<\/div>\n\n\t\t\t\t\n\t\t\t<\/div>\n\n\t\t\t\t\t\n\t\t\t\n\t\t\t<div id=\"su-post-2937\" class=\"su-post \">\n\n\t\t\t\t\t\t\t\t\t<a class=\"su-post-thumbnail\" href=\"https:\/\/nomundodoturismo.com.br\/home\/2026\/03\/brasil\/passageiros-indisciplinados-podem-ser-banidos-de-voos-entenda-proposta\/\"><img loading=\"lazy\" decoding=\"async\" width=\"700\" height=\"500\" src=\"https:\/\/nomundodoturismo.com.br\/home\/wp-content\/uploads\/2026\/03\/Design-sem-nome-53.jpg\" class=\"attachment-post-thumbnail size-post-thumbnail wp-post-image\" alt=\"\" \/><\/a>\n\t\t\t\t\n\t\t\t\t<h2 class=\"su-post-title\"><a href=\"https:\/\/nomundodoturismo.com.br\/home\/2026\/03\/brasil\/passageiros-indisciplinados-podem-ser-banidos-de-voos-entenda-proposta\/\">Passageiros indisciplinados podem ser banidos de voos; entenda proposta<\/a><\/h2>\n\n\t\t\t\t<div class=\"su-post-meta\">\n\t\t\t\t\tPosted: 5 de mar\u00e7o de 2026\t\t\t\t<\/div>\n\n\t\t\t\t<div class=\"su-post-excerpt\">\n\t\t\t\t\t<p>A Ag\u00eancia Nacional de Avia\u00e7\u00e3o Civil (Anac) defendeu que passageiros indisciplinados possam ser impedidos de voar por qualquer companhia a\u00e9rea no pa\u00eds. A proposta foi apresentada nesta ter\u00e7a-feira (3), durante audi\u00eancia p\u00fablica na C\u00e2mara dos Deputados. O diretor-presidente da ag\u00eancia, Tiago Faierstein, explicou que a medida tem como foco passageiros que coloquem em risco a<\/p>\n\t\t\t\t<\/div>\n\n\t\t\t\t\n\t\t\t<\/div>\n\n\t\t\t\t\t\n\t\t\t\n\t\t\t<div id=\"su-post-2881\" class=\"su-post \">\n\n\t\t\t\t\t\t\t\t\t<a class=\"su-post-thumbnail\" href=\"https:\/\/nomundodoturismo.com.br\/home\/2026\/02\/brasil\/mulheres-terao-entrada-por-r-1-no-hopi-hari-em-marco-veja-como-garantir-ingressos\/\"><img loading=\"lazy\" decoding=\"async\" width=\"700\" height=\"500\" src=\"https:\/\/nomundodoturismo.com.br\/home\/wp-content\/uploads\/2026\/02\/Untitled-design-37.jpeg\" class=\"attachment-post-thumbnail size-post-thumbnail wp-post-image\" alt=\"\" \/><\/a>\n\t\t\t\t\n\t\t\t\t<h2 class=\"su-post-title\"><a href=\"https:\/\/nomundodoturismo.com.br\/home\/2026\/02\/brasil\/mulheres-terao-entrada-por-r-1-no-hopi-hari-em-marco-veja-como-garantir-ingressos\/\">Mulheres ter\u00e3o entrada por R$ 1 no Hopi Hari em mar\u00e7o; veja como garantir ingressos<\/a><\/h2>\n\n\t\t\t\t<div class=\"su-post-meta\">\n\t\t\t\t\tPosted: 28 de fevereiro de 2026\t\t\t\t<\/div>\n\n\t\t\t\t<div class=\"su-post-excerpt\">\n\t\t\t\t\t<p>O parque tem\u00e1tico Hopi Hari, em Vinhedo(SP) ir\u00e1 disponibilizar entradas a R$ 1 para mulheres entre os dias 1\u00ba e 30 de mar\u00e7o de 2026. A a\u00e7\u00e3o ocorre em celebra\u00e7\u00e3o ao Dia Internacional das Mulheres, em 8 de mar\u00e7o. Os ingressos promocionais s\u00e3o destinados a mulheres com 13 anos ou mais e s\u00e3o limitados. Ser\u00e3o<\/p>\n\t\t\t\t<\/div>\n\n\t\t\t\t\n\t\t\t<\/div>\n\n\t\t\n\t\n<\/div>\n\n<div id=\"nomun-1222108893\" class=\"nomun-rodape nomun-entity-placement\" style=\"margin-left: auto;margin-right: auto;text-align: center;\"><a href=\"https:\/\/nomundodoturismo.com.br\/home\/\" aria-label=\"Imagem: Lan\u00e7amento do Festival\"><img loading=\"lazy\" decoding=\"async\" src=\"https:\/\/nomundodoturismo.com.br\/home\/wp-content\/uploads\/2025\/05\/banner3.png\" alt=\"\"  srcset=\"https:\/\/nomundodoturismo.com.br\/home\/wp-content\/uploads\/2025\/05\/banner3.png 780w, https:\/\/nomundodoturismo.com.br\/home\/wp-content\/uploads\/2025\/05\/banner3-300x35.png 300w, https:\/\/nomundodoturismo.com.br\/home\/wp-content\/uploads\/2025\/05\/banner3-768x89.png 768w\" sizes=\"(max-width: 780px) 100vw, 780px\" width=\"780\" height=\"90\"  style=\"display: inline-block;\" \/><\/a><\/div>","protected":false},"excerpt":{"rendered":"","protected":false},"author":1,"featured_media":0,"parent":0,"menu_order":0,"comment_status":"closed","ping_status":"closed","template":"","meta":{"_acf_changed":false,"_crdt_document":"","_FSMCFIC_featured_image_caption":"","_FSMCFIC_featured_image_nocaption":"","_FSMCFIC_featured_image_hide":"","footnotes":""},"class_list":["post-61","page","type-page","status-publish","hentry"],"acf":[],"yoast_head":"<!-- This site is optimized with the Yoast SEO plugin v27.3 - https:\/\/yoast.com\/product\/yoast-seo-wordpress\/ -->\n<title>Brasil - No mundo do Turismo<\/title>\n<meta name=\"robots\" content=\"index, follow, max-snippet:-1, max-image-preview:large, max-video-preview:-1\" \/>\n<link rel=\"canonical\" href=\"https:\/\/nomundodoturismo.com.br\/home\/brasil\/\" \/>\n<meta property=\"og:locale\" content=\"pt_BR\" \/>\n<meta property=\"og:type\" content=\"article\" \/>\n<meta property=\"og:title\" content=\"Brasil - No mundo do Turismo\" \/>\n<meta property=\"og:url\" content=\"https:\/\/nomundodoturismo.com.br\/home\/brasil\/\" \/>\n<meta property=\"og:site_name\" content=\"No mundo do Turismo\" \/>\n<meta property=\"article:publisher\" content=\"https:\/\/facebook.com\/nomundodoturismo\" \/>\n<meta property=\"article:modified_time\" content=\"2025-03-15T03:52:50+00:00\" \/>\n<meta name=\"twitter:card\" content=\"summary_large_image\" \/>\n<meta name=\"twitter:site\" content=\"@nomundodoturismo\" \/>\n<script type=\"application\/ld+json\" class=\"yoast-schema-graph\">{\"@context\":\"https:\\\/\\\/schema.org\",\"@graph\":[{\"@type\":\"WebPage\",\"@id\":\"https:\\\/\\\/nomundodoturismo.com.br\\\/home\\\/brasil\\\/\",\"url\":\"https:\\\/\\\/nomundodoturismo.com.br\\\/home\\\/brasil\\\/\",\"name\":\"Brasil - No mundo do Turismo\",\"isPartOf\":{\"@id\":\"https:\\\/\\\/nomundodoturismo.com.br\\\/home\\\/#website\"},\"datePublished\":\"2025-02-28T02:21:27+00:00\",\"dateModified\":\"2025-03-15T03:52:50+00:00\",\"breadcrumb\":{\"@id\":\"https:\\\/\\\/nomundodoturismo.com.br\\\/home\\\/brasil\\\/#breadcrumb\"},\"inLanguage\":\"pt-BR\",\"potentialAction\":[{\"@type\":\"ReadAction\",\"target\":[\"https:\\\/\\\/nomundodoturismo.com.br\\\/home\\\/brasil\\\/\"]}]},{\"@type\":\"BreadcrumbList\",\"@id\":\"https:\\\/\\\/nomundodoturismo.com.br\\\/home\\\/brasil\\\/#breadcrumb\",\"itemListElement\":[{\"@type\":\"ListItem\",\"position\":1,\"name\":\"In\u00edcio\",\"item\":\"https:\\\/\\\/nomundodoturismo.com.br\\\/home\\\/\"},{\"@type\":\"ListItem\",\"position\":2,\"name\":\"Brasil\"}]},{\"@type\":\"WebSite\",\"@id\":\"https:\\\/\\\/nomundodoturismo.com.br\\\/home\\\/#website\",\"url\":\"https:\\\/\\\/nomundodoturismo.com.br\\\/home\\\/\",\"name\":\"No Mundo do Turismo\",\"description\":\"Um espa\u00e7o para compartilhar experi\u00eancia e informa\u00e7\u00f5es tur\u00edsticas e culturais\",\"publisher\":{\"@id\":\"https:\\\/\\\/nomundodoturismo.com.br\\\/home\\\/#organization\"},\"potentialAction\":[{\"@type\":\"SearchAction\",\"target\":{\"@type\":\"EntryPoint\",\"urlTemplate\":\"https:\\\/\\\/nomundodoturismo.com.br\\\/home\\\/?s={search_term_string}\"},\"query-input\":{\"@type\":\"PropertyValueSpecification\",\"valueRequired\":true,\"valueName\":\"search_term_string\"}}],\"inLanguage\":\"pt-BR\"},{\"@type\":\"Organization\",\"@id\":\"https:\\\/\\\/nomundodoturismo.com.br\\\/home\\\/#organization\",\"name\":\"No Mundo do Turismo\",\"url\":\"https:\\\/\\\/nomundodoturismo.com.br\\\/home\\\/\",\"logo\":{\"@type\":\"ImageObject\",\"inLanguage\":\"pt-BR\",\"@id\":\"https:\\\/\\\/nomundodoturismo.com.br\\\/home\\\/#\\\/schema\\\/logo\\\/image\\\/\",\"url\":\"https:\\\/\\\/nomundodoturismo.com.br\\\/home\\\/wp-content\\\/uploads\\\/2025\\\/02\\\/centralNMTurismo2024.png\",\"contentUrl\":\"https:\\\/\\\/nomundodoturismo.com.br\\\/home\\\/wp-content\\\/uploads\\\/2025\\\/02\\\/centralNMTurismo2024.png\",\"width\":500,\"height\":150,\"caption\":\"No Mundo do Turismo\"},\"image\":{\"@id\":\"https:\\\/\\\/nomundodoturismo.com.br\\\/home\\\/#\\\/schema\\\/logo\\\/image\\\/\"},\"sameAs\":[\"https:\\\/\\\/facebook.com\\\/nomundodoturismo\",\"https:\\\/\\\/x.com\\\/nomundodoturismo\"]}]}<\/script>\n<!-- \/ Yoast SEO plugin. -->","yoast_head_json":{"title":"Brasil - No mundo do Turismo","robots":{"index":"index","follow":"follow","max-snippet":"max-snippet:-1","max-image-preview":"max-image-preview:large","max-video-preview":"max-video-preview:-1"},"canonical":"https:\/\/nomundodoturismo.com.br\/home\/brasil\/","og_locale":"pt_BR","og_type":"article","og_title":"Brasil - No mundo do Turismo","og_url":"https:\/\/nomundodoturismo.com.br\/home\/brasil\/","og_site_name":"No mundo do Turismo","article_publisher":"https:\/\/facebook.com\/nomundodoturismo","article_modified_time":"2025-03-15T03:52:50+00:00","twitter_card":"summary_large_image","twitter_site":"@nomundodoturismo","schema":{"@context":"https:\/\/schema.org","@graph":[{"@type":"WebPage","@id":"https:\/\/nomundodoturismo.com.br\/home\/brasil\/","url":"https:\/\/nomundodoturismo.com.br\/home\/brasil\/","name":"Brasil - No mundo do Turismo","isPartOf":{"@id":"https:\/\/nomundodoturismo.com.br\/home\/#website"},"datePublished":"2025-02-28T02:21:27+00:00","dateModified":"2025-03-15T03:52:50+00:00","breadcrumb":{"@id":"https:\/\/nomundodoturismo.com.br\/home\/brasil\/#breadcrumb"},"inLanguage":"pt-BR","potentialAction":[{"@type":"ReadAction","target":["https:\/\/nomundodoturismo.com.br\/home\/brasil\/"]}]},{"@type":"BreadcrumbList","@id":"https:\/\/nomundodoturismo.com.br\/home\/brasil\/#breadcrumb","itemListElement":[{"@type":"ListItem","position":1,"name":"In\u00edcio","item":"https:\/\/nomundodoturismo.com.br\/home\/"},{"@type":"ListItem","position":2,"name":"Brasil"}]},{"@type":"WebSite","@id":"https:\/\/nomundodoturismo.com.br\/home\/#website","url":"https:\/\/nomundodoturismo.com.br\/home\/","name":"No Mundo do Turismo","description":"Um espa\u00e7o para compartilhar experi\u00eancia e informa\u00e7\u00f5es tur\u00edsticas e culturais","publisher":{"@id":"https:\/\/nomundodoturismo.com.br\/home\/#organization"},"potentialAction":[{"@type":"SearchAction","target":{"@type":"EntryPoint","urlTemplate":"https:\/\/nomundodoturismo.com.br\/home\/?s={search_term_string}"},"query-input":{"@type":"PropertyValueSpecification","valueRequired":true,"valueName":"search_term_string"}}],"inLanguage":"pt-BR"},{"@type":"Organization","@id":"https:\/\/nomundodoturismo.com.br\/home\/#organization","name":"No Mundo do Turismo","url":"https:\/\/nomundodoturismo.com.br\/home\/","logo":{"@type":"ImageObject","inLanguage":"pt-BR","@id":"https:\/\/nomundodoturismo.com.br\/home\/#\/schema\/logo\/image\/","url":"https:\/\/nomundodoturismo.com.br\/home\/wp-content\/uploads\/2025\/02\/centralNMTurismo2024.png","contentUrl":"https:\/\/nomundodoturismo.com.br\/home\/wp-content\/uploads\/2025\/02\/centralNMTurismo2024.png","width":500,"height":150,"caption":"No Mundo do Turismo"},"image":{"@id":"https:\/\/nomundodoturismo.com.br\/home\/#\/schema\/logo\/image\/"},"sameAs":["https:\/\/facebook.com\/nomundodoturismo","https:\/\/x.com\/nomundodoturismo"]}]}},"jetpack_sharing_enabled":true,"_links":{"self":[{"href":"https:\/\/nomundodoturismo.com.br\/home\/wp-json\/wp\/v2\/pages\/61","targetHints":{"allow":["GET"]}}],"collection":[{"href":"https:\/\/nomundodoturismo.com.br\/home\/wp-json\/wp\/v2\/pages"}],"about":[{"href":"https:\/\/nomundodoturismo.com.br\/home\/wp-json\/wp\/v2\/types\/page"}],"author":[{"embeddable":true,"href":"https:\/\/nomundodoturismo.com.br\/home\/wp-json\/wp\/v2\/users\/1"}],"replies":[{"embeddable":true,"href":"https:\/\/nomundodoturismo.com.br\/home\/wp-json\/wp\/v2\/comments?post=61"}],"version-history":[{"count":2,"href":"https:\/\/nomundodoturismo.com.br\/home\/wp-json\/wp\/v2\/pages\/61\/revisions"}],"predecessor-version":[{"id":145,"href":"https:\/\/nomundodoturismo.com.br\/home\/wp-json\/wp\/v2\/pages\/61\/revisions\/145"}],"wp:attachment":[{"href":"https:\/\/nomundodoturismo.com.br\/home\/wp-json\/wp\/v2\/media?parent=61"}],"curies":[{"name":"wp","href":"https:\/\/api.w.org\/{rel}","templated":true}]}}