{"id":63,"date":"2025-02-27T23:21:45","date_gmt":"2025-02-28T02:21:45","guid":{"rendered":"https:\/\/nomundodoturismo.com.br\/home\/?page_id=63"},"modified":"2025-03-15T00:47:36","modified_gmt":"2025-03-15T03:47:36","slug":"cotidiano","status":"publish","type":"page","link":"https:\/\/nomundodoturismo.com.br\/home\/cotidiano\/","title":{"rendered":"Cotidiano"},"content":{"rendered":"<div id=\"nomun-190519197\" class=\"nomun-top nomun-entity-placement\" style=\"margin-left: auto;margin-right: auto;text-align: center;\"><a href=\"https:\/\/nomundodoturismo.com.br\/home\/\" aria-label=\"Imagem: Lan\u00e7amento do Festival\"><img loading=\"lazy\" decoding=\"async\" src=\"https:\/\/nomundodoturismo.com.br\/home\/wp-content\/uploads\/2025\/05\/banner3.png\" alt=\"\"  srcset=\"https:\/\/nomundodoturismo.com.br\/home\/wp-content\/uploads\/2025\/05\/banner3.png 780w, https:\/\/nomundodoturismo.com.br\/home\/wp-content\/uploads\/2025\/05\/banner3-300x35.png 300w, https:\/\/nomundodoturismo.com.br\/home\/wp-content\/uploads\/2025\/05\/banner3-768x89.png 768w\" sizes=\"(max-width: 780px) 100vw, 780px\" width=\"780\" height=\"90\"  style=\"display: inline-block;\" \/><\/a><\/div>\n\n<div class=\"su-posts su-posts-default-loop \">\n\n\t\n\t\t\t\t\t\n\t\t\t\n\t\t\t<div id=\"su-post-563\" class=\"su-post \">\n\n\t\t\t\t\t\t\t\t\t<a class=\"su-post-thumbnail\" href=\"https:\/\/nomundodoturismo.com.br\/home\/2025\/05\/cotidiano\/brasil-celebra-o-dia-internacional-dos-museus-com-roteiros-que-revelam-a-diversidade-cultural-do-pais\/\"><img loading=\"lazy\" decoding=\"async\" width=\"768\" height=\"434\" src=\"https:\/\/nomundodoturismo.com.br\/home\/wp-content\/uploads\/2025\/05\/279900b2-d893-49f6-88f2-16e98e5c5984.png\" class=\"attachment-post-thumbnail size-post-thumbnail wp-post-image\" alt=\"\" \/><\/a>\n\t\t\t\t\n\t\t\t\t<h2 class=\"su-post-title\"><a href=\"https:\/\/nomundodoturismo.com.br\/home\/2025\/05\/cotidiano\/brasil-celebra-o-dia-internacional-dos-museus-com-roteiros-que-revelam-a-diversidade-cultural-do-pais\/\">Brasil celebra o Dia Internacional dos Museus com roteiros que revelam a diversidade cultural do pa\u00eds<\/a><\/h2>\n\n\t\t\t\t<div class=\"su-post-meta\">\n\t\t\t\t\tPosted: 16 de maio de 2025\t\t\t\t<\/div>\n\n\t\t\t\t<div class=\"su-post-excerpt\">\n\t\t\t\t\t<p>Mais do que uma simples visita, o turismo de museus proporciona uma verdadeira imers\u00e3o na identidade cultural das diferentes regi\u00f5es e povos que comp\u00f5em o Brasil. Ao conhecer esses espa\u00e7os, o viajante n\u00e3o \u00e9 apenas um observador, mas se torna um agente ativo na preserva\u00e7\u00e3o da mem\u00f3ria e da rica diversidade do Brasil. Domingo (18.05),<\/p>\n\t\t\t\t<\/div>\n\n\t\t\t\t\n\t\t\t<\/div>\n\n\t\t\t\t\t\n\t\t\t\n\t\t\t<div id=\"su-post-1051\" class=\"su-post \">\n\n\t\t\t\t\t\t\t\t\t<a class=\"su-post-thumbnail\" href=\"https:\/\/nomundodoturismo.com.br\/home\/2025\/04\/cotidiano\/natal-passa-a-ter-voos-diarios-para-buenos-aires-a-partir-de-dezembro-2\/\"><img loading=\"lazy\" decoding=\"async\" width=\"700\" height=\"500\" src=\"https:\/\/nomundodoturismo.com.br\/home\/wp-content\/uploads\/2025\/08\/Design-sem-nome-18.png\" class=\"attachment-post-thumbnail size-post-thumbnail wp-post-image\" alt=\"\" \/><\/a>\n\t\t\t\t\n\t\t\t\t<h2 class=\"su-post-title\"><a href=\"https:\/\/nomundodoturismo.com.br\/home\/2025\/04\/cotidiano\/natal-passa-a-ter-voos-diarios-para-buenos-aires-a-partir-de-dezembro-2\/\">Natal passa a ter voos di\u00e1rios para Buenos Aires a partir de dezembro<\/a><\/h2>\n\n\t\t\t\t<div class=\"su-post-meta\">\n\t\t\t\t\tPosted: 3 de abril de 2025\t\t\t\t<\/div>\n\n\t\t\t\t<div class=\"su-post-excerpt\">\n\t\t\t\t\t<p>Natal ganhou um voo di\u00e1rio direto para Buenos Aires, capital da Argentina, que come\u00e7a a ser operado no dia 30 de dezembro deste ano. O an\u00fancio da chegada do novo voo foi feito nesta ter\u00e7a-feira (5) pela Secretaria de Turismo do Rio Grande do Norte e pela Zurich Airport, que opera o Aeroporto de Natal.<\/p>\n\t\t\t\t<\/div>\n\n\t\t\t\t\n\t\t\t<\/div>\n\n\t\t\t\t\t\n\t\t\t\n\t\t\t<div id=\"su-post-159\" class=\"su-post \">\n\n\t\t\t\t\t\t\t\t\t<a class=\"su-post-thumbnail\" href=\"https:\/\/nomundodoturismo.com.br\/home\/2025\/03\/cotidiano\/governo-da-paraiba-lanca-editais-do-icms-cultural-caminhos-dos-engenhos-e-patrimonio-historico-2025\/\"><img loading=\"lazy\" decoding=\"async\" width=\"768\" height=\"512\" src=\"https:\/\/nomundodoturismo.com.br\/home\/wp-content\/uploads\/2025\/03\/Imagem-do-WhatsApp-de-2025-03-18-as-10.04.26_6d690c61.jpg\" class=\"attachment-post-thumbnail size-post-thumbnail wp-post-image\" alt=\"\" \/><\/a>\n\t\t\t\t\n\t\t\t\t<h2 class=\"su-post-title\"><a href=\"https:\/\/nomundodoturismo.com.br\/home\/2025\/03\/cotidiano\/governo-da-paraiba-lanca-editais-do-icms-cultural-caminhos-dos-engenhos-e-patrimonio-historico-2025\/\">Governo da Para\u00edba lan\u00e7a editais do ICMS Cultural, Caminhos dos Engenhos e Patrim\u00f4nio Hist\u00f3rico 2025<\/a><\/h2>\n\n\t\t\t\t<div class=\"su-post-meta\">\n\t\t\t\t\tPosted: 18 de mar\u00e7o de 2025\t\t\t\t<\/div>\n\n\t\t\t\t<div class=\"su-post-excerpt\">\n\t\t\t\t\t<p>O Governo da Para\u00edba anunciou os editais de 2025 dos programas ICMS Cultural, Caminhos do Engenho e Patrim\u00f4nio Hist\u00f3rico. Essas iniciativas visam fomentar investimentos no setor cultural e na preserva\u00e7\u00e3o do patrim\u00f4nio hist\u00f3rico, oferecendo \u00e0s empresas patrocinadoras a possibilidade de obter 100% de cr\u00e9dito no Imposto sobre Circula\u00e7\u00e3o de Mercadorias e Servi\u00e7os (ICMS) ao destinarem<\/p>\n\t\t\t\t<\/div>\n\n\t\t\t\t\n\t\t\t<\/div>\n\n\t\t\t\t\t\n\t\t\t\n\t\t\t<div id=\"su-post-18\" class=\"su-post \">\n\n\t\t\t\t\t\t\t\t\t<a class=\"su-post-thumbnail\" href=\"https:\/\/nomundodoturismo.com.br\/home\/2025\/01\/cotidiano\/ministerio-do-turismo-convida-artistas-de-todo-o-pais-para-ajudarem-na-criacao-de-monumento-em-homenagem-a-cop-30\/\"><img loading=\"lazy\" decoding=\"async\" width=\"768\" height=\"434\" src=\"https:\/\/nomundodoturismo.com.br\/home\/wp-content\/uploads\/2025\/02\/448f1795-7355-4215-9019-08b2ba60f4c8.png\" class=\"attachment-post-thumbnail size-post-thumbnail wp-post-image\" alt=\"\" \/><\/a>\n\t\t\t\t\n\t\t\t\t<h2 class=\"su-post-title\"><a href=\"https:\/\/nomundodoturismo.com.br\/home\/2025\/01\/cotidiano\/ministerio-do-turismo-convida-artistas-de-todo-o-pais-para-ajudarem-na-criacao-de-monumento-em-homenagem-a-cop-30\/\">Minist\u00e9rio do Turismo convida artistas de todo o pa\u00eds para ajudarem na cria\u00e7\u00e3o de monumento em homenagem \u00e0 COP 30<\/a><\/h2>\n\n\t\t\t\t<div class=\"su-post-meta\">\n\t\t\t\t\tPosted: 23 de janeiro de 2025\t\t\t\t<\/div>\n\n\t\t\t\t<div class=\"su-post-excerpt\">\n\t\t\t\t\t<p>governo federal, por meio do Minist\u00e9rio do Turismo, aproveitou as comemora\u00e7\u00f5es do anivers\u00e1rio de Bel\u00e9m (PA), no m\u00eas de janeiro, para lan\u00e7ar o projeto de um monumento em homenagem \u00e0 30\u00aa edi\u00e7\u00e3o da Confer\u00eancia da ONU sobre Mudan\u00e7as Clim\u00e1ticas (COP 30), que ocorrer\u00e1 em novembro deste ano. Veja o edital&nbsp;AQUI. Artistas de todo o pa\u00eds<\/p>\n\t\t\t\t<\/div>\n\n\t\t\t\t\n\t\t\t<\/div>\n\n\t\t\n\t\n<\/div>\n\n<div id=\"nomun-4155484940\" class=\"nomun-rodape nomun-entity-placement\" style=\"margin-left: auto;margin-right: auto;text-align: center;\"><a href=\"https:\/\/nomundodoturismo.com.br\/home\/\" aria-label=\"Imagem: Lan\u00e7amento do Festival\"><img loading=\"lazy\" decoding=\"async\" src=\"https:\/\/nomundodoturismo.com.br\/home\/wp-content\/uploads\/2025\/05\/banner3.png\" alt=\"\"  srcset=\"https:\/\/nomundodoturismo.com.br\/home\/wp-content\/uploads\/2025\/05\/banner3.png 780w, https:\/\/nomundodoturismo.com.br\/home\/wp-content\/uploads\/2025\/05\/banner3-300x35.png 300w, https:\/\/nomundodoturismo.com.br\/home\/wp-content\/uploads\/2025\/05\/banner3-768x89.png 768w\" sizes=\"(max-width: 780px) 100vw, 780px\" width=\"780\" height=\"90\"  style=\"display: inline-block;\" \/><\/a><\/div>","protected":false},"excerpt":{"rendered":"","protected":false},"author":1,"featured_media":0,"parent":0,"menu_order":0,"comment_status":"closed","ping_status":"closed","template":"","meta":{"_acf_changed":false,"_crdt_document":"","_FSMCFIC_featured_image_caption":"","_FSMCFIC_featured_image_nocaption":"","_FSMCFIC_featured_image_hide":"","footnotes":""},"class_list":["post-63","page","type-page","status-publish","hentry"],"acf":[],"yoast_head":"<!-- This site is optimized with the Yoast SEO plugin v27.3 - https:\/\/yoast.com\/product\/yoast-seo-wordpress\/ -->\n<title>Cotidiano - No mundo do Turismo<\/title>\n<meta name=\"robots\" content=\"index, follow, max-snippet:-1, max-image-preview:large, max-video-preview:-1\" \/>\n<link rel=\"canonical\" href=\"https:\/\/nomundodoturismo.com.br\/home\/cotidiano\/\" \/>\n<meta property=\"og:locale\" content=\"pt_BR\" \/>\n<meta property=\"og:type\" content=\"article\" \/>\n<meta property=\"og:title\" content=\"Cotidiano - No mundo do Turismo\" \/>\n<meta property=\"og:url\" content=\"https:\/\/nomundodoturismo.com.br\/home\/cotidiano\/\" \/>\n<meta property=\"og:site_name\" content=\"No mundo do Turismo\" \/>\n<meta property=\"article:publisher\" content=\"https:\/\/facebook.com\/nomundodoturismo\" \/>\n<meta property=\"article:modified_time\" content=\"2025-03-15T03:47:36+00:00\" \/>\n<meta name=\"twitter:card\" content=\"summary_large_image\" \/>\n<meta name=\"twitter:site\" content=\"@nomundodoturismo\" \/>\n<script type=\"application\/ld+json\" class=\"yoast-schema-graph\">{\"@context\":\"https:\\\/\\\/schema.org\",\"@graph\":[{\"@type\":\"WebPage\",\"@id\":\"https:\\\/\\\/nomundodoturismo.com.br\\\/home\\\/cotidiano\\\/\",\"url\":\"https:\\\/\\\/nomundodoturismo.com.br\\\/home\\\/cotidiano\\\/\",\"name\":\"Cotidiano - No mundo do Turismo\",\"isPartOf\":{\"@id\":\"https:\\\/\\\/nomundodoturismo.com.br\\\/home\\\/#website\"},\"datePublished\":\"2025-02-28T02:21:45+00:00\",\"dateModified\":\"2025-03-15T03:47:36+00:00\",\"breadcrumb\":{\"@id\":\"https:\\\/\\\/nomundodoturismo.com.br\\\/home\\\/cotidiano\\\/#breadcrumb\"},\"inLanguage\":\"pt-BR\",\"potentialAction\":[{\"@type\":\"ReadAction\",\"target\":[\"https:\\\/\\\/nomundodoturismo.com.br\\\/home\\\/cotidiano\\\/\"]}]},{\"@type\":\"BreadcrumbList\",\"@id\":\"https:\\\/\\\/nomundodoturismo.com.br\\\/home\\\/cotidiano\\\/#breadcrumb\",\"itemListElement\":[{\"@type\":\"ListItem\",\"position\":1,\"name\":\"In\u00edcio\",\"item\":\"https:\\\/\\\/nomundodoturismo.com.br\\\/home\\\/\"},{\"@type\":\"ListItem\",\"position\":2,\"name\":\"Cotidiano\"}]},{\"@type\":\"WebSite\",\"@id\":\"https:\\\/\\\/nomundodoturismo.com.br\\\/home\\\/#website\",\"url\":\"https:\\\/\\\/nomundodoturismo.com.br\\\/home\\\/\",\"name\":\"No Mundo do Turismo\",\"description\":\"Um espa\u00e7o para compartilhar experi\u00eancia e informa\u00e7\u00f5es tur\u00edsticas e culturais\",\"publisher\":{\"@id\":\"https:\\\/\\\/nomundodoturismo.com.br\\\/home\\\/#organization\"},\"potentialAction\":[{\"@type\":\"SearchAction\",\"target\":{\"@type\":\"EntryPoint\",\"urlTemplate\":\"https:\\\/\\\/nomundodoturismo.com.br\\\/home\\\/?s={search_term_string}\"},\"query-input\":{\"@type\":\"PropertyValueSpecification\",\"valueRequired\":true,\"valueName\":\"search_term_string\"}}],\"inLanguage\":\"pt-BR\"},{\"@type\":\"Organization\",\"@id\":\"https:\\\/\\\/nomundodoturismo.com.br\\\/home\\\/#organization\",\"name\":\"No Mundo do Turismo\",\"url\":\"https:\\\/\\\/nomundodoturismo.com.br\\\/home\\\/\",\"logo\":{\"@type\":\"ImageObject\",\"inLanguage\":\"pt-BR\",\"@id\":\"https:\\\/\\\/nomundodoturismo.com.br\\\/home\\\/#\\\/schema\\\/logo\\\/image\\\/\",\"url\":\"https:\\\/\\\/nomundodoturismo.com.br\\\/home\\\/wp-content\\\/uploads\\\/2025\\\/02\\\/centralNMTurismo2024.png\",\"contentUrl\":\"https:\\\/\\\/nomundodoturismo.com.br\\\/home\\\/wp-content\\\/uploads\\\/2025\\\/02\\\/centralNMTurismo2024.png\",\"width\":500,\"height\":150,\"caption\":\"No Mundo do Turismo\"},\"image\":{\"@id\":\"https:\\\/\\\/nomundodoturismo.com.br\\\/home\\\/#\\\/schema\\\/logo\\\/image\\\/\"},\"sameAs\":[\"https:\\\/\\\/facebook.com\\\/nomundodoturismo\",\"https:\\\/\\\/x.com\\\/nomundodoturismo\"]}]}<\/script>\n<!-- \/ Yoast SEO plugin. -->","yoast_head_json":{"title":"Cotidiano - No mundo do Turismo","robots":{"index":"index","follow":"follow","max-snippet":"max-snippet:-1","max-image-preview":"max-image-preview:large","max-video-preview":"max-video-preview:-1"},"canonical":"https:\/\/nomundodoturismo.com.br\/home\/cotidiano\/","og_locale":"pt_BR","og_type":"article","og_title":"Cotidiano - No mundo do Turismo","og_url":"https:\/\/nomundodoturismo.com.br\/home\/cotidiano\/","og_site_name":"No mundo do Turismo","article_publisher":"https:\/\/facebook.com\/nomundodoturismo","article_modified_time":"2025-03-15T03:47:36+00:00","twitter_card":"summary_large_image","twitter_site":"@nomundodoturismo","schema":{"@context":"https:\/\/schema.org","@graph":[{"@type":"WebPage","@id":"https:\/\/nomundodoturismo.com.br\/home\/cotidiano\/","url":"https:\/\/nomundodoturismo.com.br\/home\/cotidiano\/","name":"Cotidiano - No mundo do Turismo","isPartOf":{"@id":"https:\/\/nomundodoturismo.com.br\/home\/#website"},"datePublished":"2025-02-28T02:21:45+00:00","dateModified":"2025-03-15T03:47:36+00:00","breadcrumb":{"@id":"https:\/\/nomundodoturismo.com.br\/home\/cotidiano\/#breadcrumb"},"inLanguage":"pt-BR","potentialAction":[{"@type":"ReadAction","target":["https:\/\/nomundodoturismo.com.br\/home\/cotidiano\/"]}]},{"@type":"BreadcrumbList","@id":"https:\/\/nomundodoturismo.com.br\/home\/cotidiano\/#breadcrumb","itemListElement":[{"@type":"ListItem","position":1,"name":"In\u00edcio","item":"https:\/\/nomundodoturismo.com.br\/home\/"},{"@type":"ListItem","position":2,"name":"Cotidiano"}]},{"@type":"WebSite","@id":"https:\/\/nomundodoturismo.com.br\/home\/#website","url":"https:\/\/nomundodoturismo.com.br\/home\/","name":"No Mundo do Turismo","description":"Um espa\u00e7o para compartilhar experi\u00eancia e informa\u00e7\u00f5es tur\u00edsticas e culturais","publisher":{"@id":"https:\/\/nomundodoturismo.com.br\/home\/#organization"},"potentialAction":[{"@type":"SearchAction","target":{"@type":"EntryPoint","urlTemplate":"https:\/\/nomundodoturismo.com.br\/home\/?s={search_term_string}"},"query-input":{"@type":"PropertyValueSpecification","valueRequired":true,"valueName":"search_term_string"}}],"inLanguage":"pt-BR"},{"@type":"Organization","@id":"https:\/\/nomundodoturismo.com.br\/home\/#organization","name":"No Mundo do Turismo","url":"https:\/\/nomundodoturismo.com.br\/home\/","logo":{"@type":"ImageObject","inLanguage":"pt-BR","@id":"https:\/\/nomundodoturismo.com.br\/home\/#\/schema\/logo\/image\/","url":"https:\/\/nomundodoturismo.com.br\/home\/wp-content\/uploads\/2025\/02\/centralNMTurismo2024.png","contentUrl":"https:\/\/nomundodoturismo.com.br\/home\/wp-content\/uploads\/2025\/02\/centralNMTurismo2024.png","width":500,"height":150,"caption":"No Mundo do Turismo"},"image":{"@id":"https:\/\/nomundodoturismo.com.br\/home\/#\/schema\/logo\/image\/"},"sameAs":["https:\/\/facebook.com\/nomundodoturismo","https:\/\/x.com\/nomundodoturismo"]}]}},"jetpack_sharing_enabled":true,"_links":{"self":[{"href":"https:\/\/nomundodoturismo.com.br\/home\/wp-json\/wp\/v2\/pages\/63","targetHints":{"allow":["GET"]}}],"collection":[{"href":"https:\/\/nomundodoturismo.com.br\/home\/wp-json\/wp\/v2\/pages"}],"about":[{"href":"https:\/\/nomundodoturismo.com.br\/home\/wp-json\/wp\/v2\/types\/page"}],"author":[{"embeddable":true,"href":"https:\/\/nomundodoturismo.com.br\/home\/wp-json\/wp\/v2\/users\/1"}],"replies":[{"embeddable":true,"href":"https:\/\/nomundodoturismo.com.br\/home\/wp-json\/wp\/v2\/comments?post=63"}],"version-history":[{"count":3,"href":"https:\/\/nomundodoturismo.com.br\/home\/wp-json\/wp\/v2\/pages\/63\/revisions"}],"predecessor-version":[{"id":144,"href":"https:\/\/nomundodoturismo.com.br\/home\/wp-json\/wp\/v2\/pages\/63\/revisions\/144"}],"wp:attachment":[{"href":"https:\/\/nomundodoturismo.com.br\/home\/wp-json\/wp\/v2\/media?parent=63"}],"curies":[{"name":"wp","href":"https:\/\/api.w.org\/{rel}","templated":true}]}}