{"id":65,"date":"2025-02-27T23:22:11","date_gmt":"2025-02-28T02:22:11","guid":{"rendered":"https:\/\/nomundodoturismo.com.br\/home\/?page_id=65"},"modified":"2025-03-15T00:54:31","modified_gmt":"2025-03-15T03:54:31","slug":"economia","status":"publish","type":"page","link":"https:\/\/nomundodoturismo.com.br\/home\/economia\/","title":{"rendered":"Economia"},"content":{"rendered":"<div id=\"nomun-3143893517\" class=\"nomun-top nomun-entity-placement\" style=\"margin-left: auto;margin-right: auto;text-align: center;\"><a href=\"https:\/\/nomundodoturismo.com.br\/home\/\" aria-label=\"Imagem: Lan\u00e7amento do Festival\"><img loading=\"lazy\" decoding=\"async\" src=\"https:\/\/nomundodoturismo.com.br\/home\/wp-content\/uploads\/2025\/05\/banner3.png\" alt=\"\"  srcset=\"https:\/\/nomundodoturismo.com.br\/home\/wp-content\/uploads\/2025\/05\/banner3.png 780w, https:\/\/nomundodoturismo.com.br\/home\/wp-content\/uploads\/2025\/05\/banner3-300x35.png 300w, https:\/\/nomundodoturismo.com.br\/home\/wp-content\/uploads\/2025\/05\/banner3-768x89.png 768w\" sizes=\"(max-width: 780px) 100vw, 780px\" width=\"780\" height=\"90\"  style=\"display: inline-block;\" \/><\/a><\/div>\n\n<div class=\"su-posts su-posts-default-loop \">\n\n\t\n\t\t\t\t\t\n\t\t\t\n\t\t\t<div id=\"su-post-1117\" class=\"su-post \">\n\n\t\t\t\t\t\t\t\t\t<a class=\"su-post-thumbnail\" href=\"https:\/\/nomundodoturismo.com.br\/home\/2025\/09\/noticias\/economia\/banco-do-nordeste-investe-mais-r-435-milhoes-no-turismo-paraibano-e-preve-aporte-de-r-1-bilhao-ate-o-fim-do-ano\/\"><img loading=\"lazy\" decoding=\"async\" width=\"700\" height=\"500\" src=\"https:\/\/nomundodoturismo.com.br\/home\/wp-content\/uploads\/2025\/09\/202509.jpg\" class=\"attachment-post-thumbnail size-post-thumbnail wp-post-image\" alt=\"\" \/><\/a>\n\t\t\t\t\n\t\t\t\t<h2 class=\"su-post-title\"><a href=\"https:\/\/nomundodoturismo.com.br\/home\/2025\/09\/noticias\/economia\/banco-do-nordeste-investe-mais-r-435-milhoes-no-turismo-paraibano-e-preve-aporte-de-r-1-bilhao-ate-o-fim-do-ano\/\">Banco do Nordeste investe mais de R$ 435 milh\u00f5es no turismo paraibano e prev\u00ea aporte de R$ 1 bilh\u00e3o at\u00e9 o fim do ano<\/a><\/h2>\n\n\t\t\t\t<div class=\"su-post-meta\">\n\t\t\t\t\tPosted: 2 de setembro de 2025\t\t\t\t<\/div>\n\n\t\t\t\t<div class=\"su-post-excerpt\">\n\t\t\t\t\t<p>O Banco do Nordeste (BNB) anunciou nesta ter\u00e7a-feira (2) um investimento de R$ 435 milh\u00f5es no setor tur\u00edstico do estado apenas nos seis primeiros meses do ano. A expectativa \u00e9 que o volume de recursos alcance R$ 1 bilh\u00e3o at\u00e9 dezembro, ampliando os investimentos em infraestrutura, neg\u00f3cios e eventos culturais em todo o territ\u00f3rio paraibano.<\/p>\n\t\t\t\t<\/div>\n\n\t\t\t\t\n\t\t\t<\/div>\n\n\t\t\t\t\t\n\t\t\t\n\t\t\t<div id=\"su-post-788\" class=\"su-post \">\n\n\t\t\t\t\t\t\t\t\t<a class=\"su-post-thumbnail\" href=\"https:\/\/nomundodoturismo.com.br\/home\/2025\/06\/noticias\/mundo\/viagens-internacionais-pagamento-com-pix-ja-e-possivel-em-alguns-paises\/\"><img loading=\"lazy\" decoding=\"async\" width=\"700\" height=\"500\" src=\"https:\/\/nomundodoturismo.com.br\/home\/wp-content\/uploads\/2025\/06\/Design-sem-nome-10.png\" class=\"attachment-post-thumbnail size-post-thumbnail wp-post-image\" alt=\"\" \/><\/a>\n\t\t\t\t\n\t\t\t\t<h2 class=\"su-post-title\"><a href=\"https:\/\/nomundodoturismo.com.br\/home\/2025\/06\/noticias\/mundo\/viagens-internacionais-pagamento-com-pix-ja-e-possivel-em-alguns-paises\/\">Viagens internacionais: pagamento com Pix j\u00e1 \u00e9 poss\u00edvel em alguns pa\u00edses<\/a><\/h2>\n\n\t\t\t\t<div class=\"su-post-meta\">\n\t\t\t\t\tPosted: 21 de junho de 2025\t\t\t\t<\/div>\n\n\t\t\t\t<div class=\"su-post-excerpt\">\n\t\t\t\t\t<p>O Pix \u00e9 um sistema de pagamento instant\u00e2neo criado pelo Banco Central do Brasil que permite a realiza\u00e7\u00e3o de transa\u00e7\u00f5es financeiras de forma r\u00e1pida, segura e gratuita para pessoas f\u00edsicas, utilizando seu celular e sem a necessidade de intermedi\u00e1rios, como cart\u00f5es. Embora ainda n\u00e3o exista seja uma regulamenta\u00e7\u00e3o internacional pelo \u00f3rg\u00e3o, iniciativas privadas t\u00eam viabilizado<\/p>\n\t\t\t\t<\/div>\n\n\t\t\t\t\n\t\t\t<\/div>\n\n\t\t\t\t\t\n\t\t\t\n\t\t\t<div id=\"su-post-204\" class=\"su-post \">\n\n\t\t\t\t\t\t\t\t\t<a class=\"su-post-thumbnail\" href=\"https:\/\/nomundodoturismo.com.br\/home\/2025\/03\/noticias\/economia\/roteiros-ineditos-da-criativa-turismo-valorizam-destinos-turisticos-da-paraiba\/\"><img loading=\"lazy\" decoding=\"async\" width=\"1600\" height=\"1181\" src=\"https:\/\/nomundodoturismo.com.br\/home\/wp-content\/uploads\/2025\/03\/Imagem-do-WhatsApp-de-2025-03-20-as-10.16.49_a4e01ddd.jpg\" class=\"attachment-post-thumbnail size-post-thumbnail wp-post-image\" alt=\"\" \/><\/a>\n\t\t\t\t\n\t\t\t\t<h2 class=\"su-post-title\"><a href=\"https:\/\/nomundodoturismo.com.br\/home\/2025\/03\/noticias\/economia\/roteiros-ineditos-da-criativa-turismo-valorizam-destinos-turisticos-da-paraiba\/\">Roteiros in\u00e9ditos da Criativa Turismo valorizam destinos tur\u00edsticos da Para\u00edba<\/a><\/h2>\n\n\t\t\t\t<div class=\"su-post-meta\">\n\t\t\t\t\tPosted: 20 de mar\u00e7o de 2025\t\t\t\t<\/div>\n\n\t\t\t\t<div class=\"su-post-excerpt\">\n\t\t\t\t\t<p>A ag\u00eancia de viagens Criativa Turismo revelou novos roteiros tur\u00edsticos para 2025 e 2026, com op\u00e7\u00f5es que incluem destinos tanto nacionais quanto internacionais. Entre as principais novidades, est\u00e3o os pacotes para o estado da Para\u00edba, com destaque para a trilha Caminhos das Ararunas. Considerada a mais longa do Nordeste, a rota atravessa diversos munic\u00edpios, como<\/p>\n\t\t\t\t<\/div>\n\n\t\t\t\t\n\t\t\t<\/div>\n\n\t\t\t\t\t\n\t\t\t\n\t\t\t<div id=\"su-post-151\" class=\"su-post \">\n\n\t\t\t\t\t\t\t\t\t<a class=\"su-post-thumbnail\" href=\"https:\/\/nomundodoturismo.com.br\/home\/2025\/03\/noticias\/economia\/paraiba-tem-a-maior-aplicacao-de-recursos-no-turismo-pelo-banco-do-nordeste-com-r-527-milhoes-injetados-no-setor\/\"><img loading=\"lazy\" decoding=\"async\" width=\"940\" height=\"580\" src=\"https:\/\/nomundodoturismo.com.br\/home\/wp-content\/uploads\/2025\/03\/7e7ceb2280aadcebfc509ec8bad8b997_bnbjpg.jpg\" class=\"attachment-post-thumbnail size-post-thumbnail wp-post-image\" alt=\"\" \/><\/a>\n\t\t\t\t\n\t\t\t\t<h2 class=\"su-post-title\"><a href=\"https:\/\/nomundodoturismo.com.br\/home\/2025\/03\/noticias\/economia\/paraiba-tem-a-maior-aplicacao-de-recursos-no-turismo-pelo-banco-do-nordeste-com-r-527-milhoes-injetados-no-setor\/\">Para\u00edba tem a maior aplica\u00e7\u00e3o de recursos no turismo pelo Banco do Nordeste, com R$ 527 milh\u00f5es injetados no setor<\/a><\/h2>\n\n\t\t\t\t<div class=\"su-post-meta\">\n\t\t\t\t\tPosted: 17 de mar\u00e7o de 2025\t\t\t\t<\/div>\n\n\t\t\t\t<div class=\"su-post-excerpt\">\n\t\t\t\t\t<p>O setor de turismo da Para\u00edba contou com investimentos de R$ 527 milh\u00f5es do Banco do Nordeste (BNB) para impulsionar empreendimentos de todos os portes, no ano passado. Em evid\u00eancia com as obras do Polo Tur\u00edstico do Cabo Branco e com o aumento da procura nos sites de buscas por destinos para lazer e descanso,<\/p>\n\t\t\t\t<\/div>\n\n\t\t\t\t\n\t\t\t<\/div>\n\n\t\t\t\t\t\n\t\t\t\n\t\t\t<div id=\"su-post-123\" class=\"su-post \">\n\n\t\t\t\t\t\t\t\t\t<a class=\"su-post-thumbnail\" href=\"https:\/\/nomundodoturismo.com.br\/home\/2025\/03\/noticias\/economia\/cabedelo-passa-a-integrar-rota-de-cruzeiros-de-luxo-a-partir-de-outubro\/\"><img loading=\"lazy\" decoding=\"async\" width=\"969\" height=\"619\" src=\"https:\/\/nomundodoturismo.com.br\/home\/wp-content\/uploads\/2025\/03\/unnamed-3.png\" class=\"attachment-post-thumbnail size-post-thumbnail wp-post-image\" alt=\"\" \/><\/a>\n\t\t\t\t\n\t\t\t\t<h2 class=\"su-post-title\"><a href=\"https:\/\/nomundodoturismo.com.br\/home\/2025\/03\/noticias\/economia\/cabedelo-passa-a-integrar-rota-de-cruzeiros-de-luxo-a-partir-de-outubro\/\">Cabedelo passa a integrar rota de cruzeiros de luxo a partir de outubro<\/a><\/h2>\n\n\t\t\t\t<div class=\"su-post-meta\">\n\t\t\t\t\tPosted: 15 de mar\u00e7o de 2025\t\t\t\t<\/div>\n\n\t\t\t\t<div class=\"su-post-excerpt\">\n\t\t\t\t\t<p>A cidade de Cabedelo, localizada no estado da Para\u00edba, passar\u00e1 a integrar, a partir de outubro deste ano, a rota dos cruzeiros de luxo da renomada companhia Swan Hellenic. A confirma\u00e7\u00e3o foi dada pela Secretaria de Turismo de Cabedelo em seu Instagram, comemorando a conquista como um marco importante para o crescimento do turismo local.<\/p>\n\t\t\t\t<\/div>\n\n\t\t\t\t\n\t\t\t<\/div>\n\n\t\t\t\t\t\n\t\t\t\n\t\t\t<div id=\"su-post-15\" class=\"su-post \">\n\n\t\t\t\t\t\t\t\t\t<a class=\"su-post-thumbnail\" href=\"https:\/\/nomundodoturismo.com.br\/home\/2025\/02\/noticias\/economia\/programa-preve-novos-investimentos-que-impulsionarao-o-turismo-na-paraiba-ate-2026\/\"><img loading=\"lazy\" decoding=\"async\" width=\"768\" height=\"512\" src=\"https:\/\/nomundodoturismo.com.br\/home\/wp-content\/uploads\/2025\/02\/d0a4bc2c-bc48-496a-8b2a-edd893bb1e9b.jpeg\" class=\"attachment-post-thumbnail size-post-thumbnail wp-post-image\" alt=\"\" \/><\/a>\n\t\t\t\t\n\t\t\t\t<h2 class=\"su-post-title\"><a href=\"https:\/\/nomundodoturismo.com.br\/home\/2025\/02\/noticias\/economia\/programa-preve-novos-investimentos-que-impulsionarao-o-turismo-na-paraiba-ate-2026\/\">Programa prev\u00ea novos investimentos que impulsionar\u00e3o o turismo na Para\u00edba at\u00e9 2026<\/a><\/h2>\n\n\t\t\t\t<div class=\"su-post-meta\">\n\t\t\t\t\tPosted: 19 de fevereiro de 2025\t\t\t\t<\/div>\n\n\t\t\t\t<div class=\"su-post-excerpt\">\n\t\t\t\t\t<p>Foto reprodu\u00e7\u00e3o da publica\u00e7\u00e3o do portal de noticiais do governo da Para\u00edba \/ Por Marco Pimentel<\/p>\n\t\t\t\t<\/div>\n\n\t\t\t\t\n\t\t\t<\/div>\n\n\t\t\n\t\n<\/div>\n\n<div id=\"nomun-3273795538\" class=\"nomun-rodape nomun-entity-placement\" style=\"margin-left: auto;margin-right: auto;text-align: center;\"><a href=\"https:\/\/nomundodoturismo.com.br\/home\/\" aria-label=\"Imagem: Lan\u00e7amento do Festival\"><img loading=\"lazy\" decoding=\"async\" src=\"https:\/\/nomundodoturismo.com.br\/home\/wp-content\/uploads\/2025\/05\/banner3.png\" alt=\"\"  srcset=\"https:\/\/nomundodoturismo.com.br\/home\/wp-content\/uploads\/2025\/05\/banner3.png 780w, https:\/\/nomundodoturismo.com.br\/home\/wp-content\/uploads\/2025\/05\/banner3-300x35.png 300w, https:\/\/nomundodoturismo.com.br\/home\/wp-content\/uploads\/2025\/05\/banner3-768x89.png 768w\" sizes=\"(max-width: 780px) 100vw, 780px\" width=\"780\" height=\"90\"  style=\"display: inline-block;\" \/><\/a><\/div>","protected":false},"excerpt":{"rendered":"","protected":false},"author":1,"featured_media":0,"parent":0,"menu_order":0,"comment_status":"closed","ping_status":"closed","template":"","meta":{"_acf_changed":false,"_crdt_document":"","_FSMCFIC_featured_image_caption":"","_FSMCFIC_featured_image_nocaption":"","_FSMCFIC_featured_image_hide":"","footnotes":""},"class_list":["post-65","page","type-page","status-publish","hentry"],"acf":[],"yoast_head":"<!-- This site is optimized with the Yoast SEO plugin v27.3 - https:\/\/yoast.com\/product\/yoast-seo-wordpress\/ -->\n<title>Economia - No mundo do Turismo<\/title>\n<meta name=\"robots\" content=\"index, follow, max-snippet:-1, max-image-preview:large, max-video-preview:-1\" \/>\n<link rel=\"canonical\" href=\"https:\/\/nomundodoturismo.com.br\/home\/economia\/\" \/>\n<meta property=\"og:locale\" content=\"pt_BR\" \/>\n<meta property=\"og:type\" content=\"article\" \/>\n<meta property=\"og:title\" content=\"Economia - No mundo do Turismo\" \/>\n<meta property=\"og:url\" content=\"https:\/\/nomundodoturismo.com.br\/home\/economia\/\" \/>\n<meta property=\"og:site_name\" content=\"No mundo do Turismo\" \/>\n<meta property=\"article:publisher\" content=\"https:\/\/facebook.com\/nomundodoturismo\" \/>\n<meta property=\"article:modified_time\" content=\"2025-03-15T03:54:31+00:00\" \/>\n<meta name=\"twitter:card\" content=\"summary_large_image\" \/>\n<meta name=\"twitter:site\" content=\"@nomundodoturismo\" \/>\n<script type=\"application\/ld+json\" class=\"yoast-schema-graph\">{\"@context\":\"https:\\\/\\\/schema.org\",\"@graph\":[{\"@type\":\"WebPage\",\"@id\":\"https:\\\/\\\/nomundodoturismo.com.br\\\/home\\\/economia\\\/\",\"url\":\"https:\\\/\\\/nomundodoturismo.com.br\\\/home\\\/economia\\\/\",\"name\":\"Economia - No mundo do Turismo\",\"isPartOf\":{\"@id\":\"https:\\\/\\\/nomundodoturismo.com.br\\\/home\\\/#website\"},\"datePublished\":\"2025-02-28T02:22:11+00:00\",\"dateModified\":\"2025-03-15T03:54:31+00:00\",\"breadcrumb\":{\"@id\":\"https:\\\/\\\/nomundodoturismo.com.br\\\/home\\\/economia\\\/#breadcrumb\"},\"inLanguage\":\"pt-BR\",\"potentialAction\":[{\"@type\":\"ReadAction\",\"target\":[\"https:\\\/\\\/nomundodoturismo.com.br\\\/home\\\/economia\\\/\"]}]},{\"@type\":\"BreadcrumbList\",\"@id\":\"https:\\\/\\\/nomundodoturismo.com.br\\\/home\\\/economia\\\/#breadcrumb\",\"itemListElement\":[{\"@type\":\"ListItem\",\"position\":1,\"name\":\"In\u00edcio\",\"item\":\"https:\\\/\\\/nomundodoturismo.com.br\\\/home\\\/\"},{\"@type\":\"ListItem\",\"position\":2,\"name\":\"Economia\"}]},{\"@type\":\"WebSite\",\"@id\":\"https:\\\/\\\/nomundodoturismo.com.br\\\/home\\\/#website\",\"url\":\"https:\\\/\\\/nomundodoturismo.com.br\\\/home\\\/\",\"name\":\"No Mundo do Turismo\",\"description\":\"Um espa\u00e7o para compartilhar experi\u00eancia e informa\u00e7\u00f5es tur\u00edsticas e culturais\",\"publisher\":{\"@id\":\"https:\\\/\\\/nomundodoturismo.com.br\\\/home\\\/#organization\"},\"potentialAction\":[{\"@type\":\"SearchAction\",\"target\":{\"@type\":\"EntryPoint\",\"urlTemplate\":\"https:\\\/\\\/nomundodoturismo.com.br\\\/home\\\/?s={search_term_string}\"},\"query-input\":{\"@type\":\"PropertyValueSpecification\",\"valueRequired\":true,\"valueName\":\"search_term_string\"}}],\"inLanguage\":\"pt-BR\"},{\"@type\":\"Organization\",\"@id\":\"https:\\\/\\\/nomundodoturismo.com.br\\\/home\\\/#organization\",\"name\":\"No Mundo do Turismo\",\"url\":\"https:\\\/\\\/nomundodoturismo.com.br\\\/home\\\/\",\"logo\":{\"@type\":\"ImageObject\",\"inLanguage\":\"pt-BR\",\"@id\":\"https:\\\/\\\/nomundodoturismo.com.br\\\/home\\\/#\\\/schema\\\/logo\\\/image\\\/\",\"url\":\"https:\\\/\\\/nomundodoturismo.com.br\\\/home\\\/wp-content\\\/uploads\\\/2025\\\/02\\\/centralNMTurismo2024.png\",\"contentUrl\":\"https:\\\/\\\/nomundodoturismo.com.br\\\/home\\\/wp-content\\\/uploads\\\/2025\\\/02\\\/centralNMTurismo2024.png\",\"width\":500,\"height\":150,\"caption\":\"No Mundo do Turismo\"},\"image\":{\"@id\":\"https:\\\/\\\/nomundodoturismo.com.br\\\/home\\\/#\\\/schema\\\/logo\\\/image\\\/\"},\"sameAs\":[\"https:\\\/\\\/facebook.com\\\/nomundodoturismo\",\"https:\\\/\\\/x.com\\\/nomundodoturismo\"]}]}<\/script>\n<!-- \/ Yoast SEO plugin. -->","yoast_head_json":{"title":"Economia - No mundo do Turismo","robots":{"index":"index","follow":"follow","max-snippet":"max-snippet:-1","max-image-preview":"max-image-preview:large","max-video-preview":"max-video-preview:-1"},"canonical":"https:\/\/nomundodoturismo.com.br\/home\/economia\/","og_locale":"pt_BR","og_type":"article","og_title":"Economia - No mundo do Turismo","og_url":"https:\/\/nomundodoturismo.com.br\/home\/economia\/","og_site_name":"No mundo do Turismo","article_publisher":"https:\/\/facebook.com\/nomundodoturismo","article_modified_time":"2025-03-15T03:54:31+00:00","twitter_card":"summary_large_image","twitter_site":"@nomundodoturismo","schema":{"@context":"https:\/\/schema.org","@graph":[{"@type":"WebPage","@id":"https:\/\/nomundodoturismo.com.br\/home\/economia\/","url":"https:\/\/nomundodoturismo.com.br\/home\/economia\/","name":"Economia - No mundo do Turismo","isPartOf":{"@id":"https:\/\/nomundodoturismo.com.br\/home\/#website"},"datePublished":"2025-02-28T02:22:11+00:00","dateModified":"2025-03-15T03:54:31+00:00","breadcrumb":{"@id":"https:\/\/nomundodoturismo.com.br\/home\/economia\/#breadcrumb"},"inLanguage":"pt-BR","potentialAction":[{"@type":"ReadAction","target":["https:\/\/nomundodoturismo.com.br\/home\/economia\/"]}]},{"@type":"BreadcrumbList","@id":"https:\/\/nomundodoturismo.com.br\/home\/economia\/#breadcrumb","itemListElement":[{"@type":"ListItem","position":1,"name":"In\u00edcio","item":"https:\/\/nomundodoturismo.com.br\/home\/"},{"@type":"ListItem","position":2,"name":"Economia"}]},{"@type":"WebSite","@id":"https:\/\/nomundodoturismo.com.br\/home\/#website","url":"https:\/\/nomundodoturismo.com.br\/home\/","name":"No Mundo do Turismo","description":"Um espa\u00e7o para compartilhar experi\u00eancia e informa\u00e7\u00f5es tur\u00edsticas e culturais","publisher":{"@id":"https:\/\/nomundodoturismo.com.br\/home\/#organization"},"potentialAction":[{"@type":"SearchAction","target":{"@type":"EntryPoint","urlTemplate":"https:\/\/nomundodoturismo.com.br\/home\/?s={search_term_string}"},"query-input":{"@type":"PropertyValueSpecification","valueRequired":true,"valueName":"search_term_string"}}],"inLanguage":"pt-BR"},{"@type":"Organization","@id":"https:\/\/nomundodoturismo.com.br\/home\/#organization","name":"No Mundo do Turismo","url":"https:\/\/nomundodoturismo.com.br\/home\/","logo":{"@type":"ImageObject","inLanguage":"pt-BR","@id":"https:\/\/nomundodoturismo.com.br\/home\/#\/schema\/logo\/image\/","url":"https:\/\/nomundodoturismo.com.br\/home\/wp-content\/uploads\/2025\/02\/centralNMTurismo2024.png","contentUrl":"https:\/\/nomundodoturismo.com.br\/home\/wp-content\/uploads\/2025\/02\/centralNMTurismo2024.png","width":500,"height":150,"caption":"No Mundo do Turismo"},"image":{"@id":"https:\/\/nomundodoturismo.com.br\/home\/#\/schema\/logo\/image\/"},"sameAs":["https:\/\/facebook.com\/nomundodoturismo","https:\/\/x.com\/nomundodoturismo"]}]}},"jetpack_sharing_enabled":true,"_links":{"self":[{"href":"https:\/\/nomundodoturismo.com.br\/home\/wp-json\/wp\/v2\/pages\/65","targetHints":{"allow":["GET"]}}],"collection":[{"href":"https:\/\/nomundodoturismo.com.br\/home\/wp-json\/wp\/v2\/pages"}],"about":[{"href":"https:\/\/nomundodoturismo.com.br\/home\/wp-json\/wp\/v2\/types\/page"}],"author":[{"embeddable":true,"href":"https:\/\/nomundodoturismo.com.br\/home\/wp-json\/wp\/v2\/users\/1"}],"replies":[{"embeddable":true,"href":"https:\/\/nomundodoturismo.com.br\/home\/wp-json\/wp\/v2\/comments?post=65"}],"version-history":[{"count":2,"href":"https:\/\/nomundodoturismo.com.br\/home\/wp-json\/wp\/v2\/pages\/65\/revisions"}],"predecessor-version":[{"id":146,"href":"https:\/\/nomundodoturismo.com.br\/home\/wp-json\/wp\/v2\/pages\/65\/revisions\/146"}],"wp:attachment":[{"href":"https:\/\/nomundodoturismo.com.br\/home\/wp-json\/wp\/v2\/media?parent=65"}],"curies":[{"name":"wp","href":"https:\/\/api.w.org\/{rel}","templated":true}]}}