{"id":67,"date":"2025-02-27T23:22:32","date_gmt":"2025-02-28T02:22:32","guid":{"rendered":"https:\/\/nomundodoturismo.com.br\/home\/?page_id=67"},"modified":"2025-03-15T00:56:29","modified_gmt":"2025-03-15T03:56:29","slug":"mundo","status":"publish","type":"page","link":"https:\/\/nomundodoturismo.com.br\/home\/mundo\/","title":{"rendered":"Mundo"},"content":{"rendered":"<div id=\"nomun-148736478\" class=\"nomun-top nomun-entity-placement\" style=\"margin-left: auto;margin-right: auto;text-align: center;\"><a href=\"https:\/\/nomundodoturismo.com.br\/home\/\" aria-label=\"Imagem: Lan\u00e7amento do Festival\"><img loading=\"lazy\" decoding=\"async\" src=\"https:\/\/nomundodoturismo.com.br\/home\/wp-content\/uploads\/2025\/05\/banner3.png\" alt=\"\"  srcset=\"https:\/\/nomundodoturismo.com.br\/home\/wp-content\/uploads\/2025\/05\/banner3.png 780w, https:\/\/nomundodoturismo.com.br\/home\/wp-content\/uploads\/2025\/05\/banner3-300x35.png 300w, https:\/\/nomundodoturismo.com.br\/home\/wp-content\/uploads\/2025\/05\/banner3-768x89.png 768w\" sizes=\"(max-width: 780px) 100vw, 780px\" width=\"780\" height=\"90\"  style=\"display: inline-block;\" \/><\/a><\/div>\n\n<div class=\"su-posts su-posts-default-loop \">\n\n\t\n\t\t\t\t\t\n\t\t\t\n\t\t\t<div id=\"su-post-3333\" class=\"su-post \">\n\n\t\t\t\t\t\t\t\t\t<a class=\"su-post-thumbnail\" href=\"https:\/\/nomundodoturismo.com.br\/home\/2026\/04\/noticias\/mundo\/europa-muda-regras-de-entrada-com-novo-sistema-digital-a-partir-desta-sexta-10\/\"><img loading=\"lazy\" decoding=\"async\" width=\"700\" height=\"500\" src=\"https:\/\/nomundodoturismo.com.br\/home\/wp-content\/uploads\/2026\/04\/Design-sem-nome-67.jpg\" class=\"attachment-post-thumbnail size-post-thumbnail wp-post-image\" alt=\"\" \/><\/a>\n\t\t\t\t\n\t\t\t\t<h2 class=\"su-post-title\"><a href=\"https:\/\/nomundodoturismo.com.br\/home\/2026\/04\/noticias\/mundo\/europa-muda-regras-de-entrada-com-novo-sistema-digital-a-partir-desta-sexta-10\/\">Europa muda regras de entrada com novo sistema digital a partir desta sexta (10)<\/a><\/h2>\n\n\t\t\t\t<div class=\"su-post-meta\">\n\t\t\t\t\tPosted: 10 de abril de 2026\t\t\t\t<\/div>\n\n\t\t\t\t<div class=\"su-post-excerpt\">\n\t\t\t\t\t<p>Viajar para a Europa vai exigir mais tempo e planejamento a partir desta sexta-feira (10), com a entrada em vigor do novo sistema eletr\u00f4nico de controle de fronteiras, o Entry\/Exit System. A mudan\u00e7a ser\u00e1 adotada em aeroportos de 29 pa\u00edses e substitui o tradicional carimbo no passaporte por um registro digital com dados pessoais e<\/p>\n\t\t\t\t<\/div>\n\n\t\t\t\t\n\t\t\t<\/div>\n\n\t\t\t\t\t\n\t\t\t\n\t\t\t<div id=\"su-post-3301\" class=\"su-post \">\n\n\t\t\t\t\t\t\t\t\t<a class=\"su-post-thumbnail\" href=\"https:\/\/nomundodoturismo.com.br\/home\/2026\/04\/noticias\/mundo\/disney-world-reabre-atracoes-classicas-e-lanca-ofertas-para-publico-latino\/\"><img loading=\"lazy\" decoding=\"async\" width=\"700\" height=\"500\" src=\"https:\/\/nomundodoturismo.com.br\/home\/wp-content\/uploads\/2026\/04\/Design-sem-nome-64.jpg\" class=\"attachment-post-thumbnail size-post-thumbnail wp-post-image\" alt=\"\" \/><\/a>\n\t\t\t\t\n\t\t\t\t<h2 class=\"su-post-title\"><a href=\"https:\/\/nomundodoturismo.com.br\/home\/2026\/04\/noticias\/mundo\/disney-world-reabre-atracoes-classicas-e-lanca-ofertas-para-publico-latino\/\">Disney World reabre atra\u00e7\u00f5es cl\u00e1ssicas e lan\u00e7a ofertas para p\u00fablico latino<\/a><\/h2>\n\n\t\t\t\t<div class=\"su-post-meta\">\n\t\t\t\t\tPosted: 8 de abril de 2026\t\t\t\t<\/div>\n\n\t\t\t\t<div class=\"su-post-excerpt\">\n\t\t\t\t\t<p>O Walt Disney World Resort iniciou abril com uma s\u00e9rie de an\u00fancios voltados diretamente ao p\u00fablico latino-americano, especialmente o brasileiro. Entre reaberturas aguardadas, atualiza\u00e7\u00f5es em atra\u00e7\u00f5es cl\u00e1ssicas e novas promo\u00e7\u00f5es, o complexo deixa clara a estrat\u00e9gia de reposicionar a experi\u00eancia e estimular a demanda em um cen\u00e1rio em que o custo da viagem se tornou<\/p>\n\t\t\t\t<\/div>\n\n\t\t\t\t\n\t\t\t<\/div>\n\n\t\t\t\t\t\n\t\t\t\n\t\t\t<div id=\"su-post-3243\" class=\"su-post \">\n\n\t\t\t\t\t\t\t\t\t<a class=\"su-post-thumbnail\" href=\"https:\/\/nomundodoturismo.com.br\/home\/2026\/04\/noticias\/mundo\/viajar-para-o-reino-unido-vai-custar-mais-com-aumento-do-eta\/\"><img loading=\"lazy\" decoding=\"async\" width=\"700\" height=\"500\" src=\"https:\/\/nomundodoturismo.com.br\/home\/wp-content\/uploads\/2026\/03\/Untitled-design-42.jpeg\" class=\"attachment-post-thumbnail size-post-thumbnail wp-post-image\" alt=\"\" \/><\/a>\n\t\t\t\t\n\t\t\t\t<h2 class=\"su-post-title\"><a href=\"https:\/\/nomundodoturismo.com.br\/home\/2026\/04\/noticias\/mundo\/viajar-para-o-reino-unido-vai-custar-mais-com-aumento-do-eta\/\">Viajar para o Reino Unido vai custar mais com aumento do ETA<\/a><\/h2>\n\n\t\t\t\t<div class=\"su-post-meta\">\n\t\t\t\t\tPosted: 1 de abril de 2026\t\t\t\t<\/div>\n\n\t\t\t\t<div class=\"su-post-excerpt\">\n\t\t\t\t\t<p>A partir do dia 8 de abril, a Autoriza\u00e7\u00e3o Eletr\u00f4nica de Viagem (ETA) exigida para entrada no Reino Unido ficar\u00e1 mais cara. O valor da permiss\u00e3o para viajantes estrangeiros, incluindo brasileiros, passar\u00e1 a ser de 20 libras, o equivalente a cerca de R$ 140 na cota\u00e7\u00e3o atual. Quem precisa do ETA? A autoriza\u00e7\u00e3o \u00e9 obrigat\u00f3ria<\/p>\n\t\t\t\t<\/div>\n\n\t\t\t\t\n\t\t\t<\/div>\n\n\t\t\t\t\t\n\t\t\t\n\t\t\t<div id=\"su-post-3190\" class=\"su-post \">\n\n\t\t\t\t\t\t\t\t\t<a class=\"su-post-thumbnail\" href=\"https:\/\/nomundodoturismo.com.br\/home\/2026\/03\/noticias\/mundo\/nova-ferramenta-do-skyscanner-une-corridas-e-planejamento-de-viagens\/\"><img loading=\"lazy\" decoding=\"async\" width=\"700\" height=\"500\" src=\"https:\/\/nomundodoturismo.com.br\/home\/wp-content\/uploads\/2026\/03\/WhatsApp-Image-2026-03-30-at-11.15.08.jpeg\" class=\"attachment-post-thumbnail size-post-thumbnail wp-post-image\" alt=\"\" \/><\/a>\n\t\t\t\t\n\t\t\t\t<h2 class=\"su-post-title\"><a href=\"https:\/\/nomundodoturismo.com.br\/home\/2026\/03\/noticias\/mundo\/nova-ferramenta-do-skyscanner-une-corridas-e-planejamento-de-viagens\/\">Nova ferramenta do Skyscanner une corridas e planejamento de viagens<\/a><\/h2>\n\n\t\t\t\t<div class=\"su-post-meta\">\n\t\t\t\t\tPosted: 30 de mar\u00e7o de 2026\t\t\t\t<\/div>\n\n\t\t\t\t<div class=\"su-post-excerpt\">\n\t\t\t\t\t<p>A Skyscanner lan\u00e7ou a ferramenta Corra pelo Mundo, que permite buscar destinos a partir do tipo de corrida, como maratonas, trilhas ou percursos em regi\u00f5es litor\u00e2neas. A proposta \u00e9 concentrar, em um s\u00f3 lugar, informa\u00e7\u00f5es sobre voos, hospedagem e exig\u00eancias de entrada em cada destino. Dados da Associa\u00e7\u00e3o Brasileira de Organizadores de Corridas de Rua<\/p>\n\t\t\t\t<\/div>\n\n\t\t\t\t\n\t\t\t<\/div>\n\n\t\t\t\t\t\n\t\t\t\n\t\t\t<div id=\"su-post-3051\" class=\"su-post \">\n\n\t\t\t\t\t\t\t\t\t<a class=\"su-post-thumbnail\" href=\"https:\/\/nomundodoturismo.com.br\/home\/2026\/03\/noticias\/mundo\/onu-turismo-promove-forum-internacional-de-mulheres-do-turismo-na-paraiba\/\"><img loading=\"lazy\" decoding=\"async\" width=\"700\" height=\"500\" src=\"https:\/\/nomundodoturismo.com.br\/home\/wp-content\/uploads\/2026\/03\/Design-sem-nome-57.jpg\" class=\"attachment-post-thumbnail size-post-thumbnail wp-post-image\" alt=\"\" \/><\/a>\n\t\t\t\t\n\t\t\t\t<h2 class=\"su-post-title\"><a href=\"https:\/\/nomundodoturismo.com.br\/home\/2026\/03\/noticias\/mundo\/onu-turismo-promove-forum-internacional-de-mulheres-do-turismo-na-paraiba\/\">ONU Turismo promove F\u00f3rum Internacional de Mulheres do Turismo na Para\u00edba<\/a><\/h2>\n\n\t\t\t\t<div class=\"su-post-meta\">\n\t\t\t\t\tPosted: 15 de mar\u00e7o de 2026\t\t\t\t<\/div>\n\n\t\t\t\t<div class=\"su-post-excerpt\">\n\t\t\t\t\t<p>Nos dias 3 e 4 de junho, Jo\u00e3o Pessoa recebe o F\u00f3rum Internacional de Mulheres do Turismo, encontro que re\u00fane lideran\u00e7as femininas, gestoras p\u00fablicas e representantes do setor tur\u00edstico de diversos pa\u00edses da Am\u00e9rica do Sul para discutir protagonismo, empreendedorismo e pol\u00edticas voltadas \u00e0s mulheres no turismo. O an\u00fancio foi feito pelo governador da Para\u00edba,<\/p>\n\t\t\t\t<\/div>\n\n\t\t\t\t\n\t\t\t<\/div>\n\n\t\t\t\t\t\n\t\t\t\n\t\t\t<div id=\"su-post-2949\" class=\"su-post \">\n\n\t\t\t\t\t\t\t\t\t<a class=\"su-post-thumbnail\" href=\"https:\/\/nomundodoturismo.com.br\/home\/2026\/03\/noticias\/mundo\/seguranca-segue-como-principal-preocupacao-entre-viajantes-solo-saiba-como-se-proteger\/\"><img loading=\"lazy\" decoding=\"async\" width=\"700\" height=\"500\" src=\"https:\/\/nomundodoturismo.com.br\/home\/wp-content\/uploads\/2026\/03\/Untitled-design-11.jpeg\" class=\"attachment-post-thumbnail size-post-thumbnail wp-post-image\" alt=\"\" \/><\/a>\n\t\t\t\t\n\t\t\t\t<h2 class=\"su-post-title\"><a href=\"https:\/\/nomundodoturismo.com.br\/home\/2026\/03\/noticias\/mundo\/seguranca-segue-como-principal-preocupacao-entre-viajantes-solo-saiba-como-se-proteger\/\">Seguran\u00e7a segue como principal preocupa\u00e7\u00e3o entre viajantes solo; saiba como se proteger<\/a><\/h2>\n\n\t\t\t\t<div class=\"su-post-meta\">\n\t\t\t\t\tPosted: 8 de mar\u00e7o de 2026\t\t\t\t<\/div>\n\n\t\t\t\t<div class=\"su-post-excerpt\">\n\t\t\t\t\t<p>Para muitas mulheres, o desejo de explorar novos destinos sozinhas ainda esbarra em um fator decisivo: a seguran\u00e7a. Um levantamento da pesquisa Mulheres que Viajam Sozinhas, realizada em 2025, revela que 62,1% das entrevistadas j\u00e1 desistiram de uma viagem por medo de situa\u00e7\u00f5es de risco. O estudo tamb\u00e9m mostra que a preocupa\u00e7\u00e3o n\u00e3o \u00e9 apenas<\/p>\n\t\t\t\t<\/div>\n\n\t\t\t\t\n\t\t\t<\/div>\n\n\t\t\t\t\t\n\t\t\t\n\t\t\t<div id=\"su-post-2892\" class=\"su-post \">\n\n\t\t\t\t\t\t\t\t\t<a class=\"su-post-thumbnail\" href=\"https:\/\/nomundodoturismo.com.br\/home\/2026\/03\/noticias\/mundo\/guia-michelin-corta-passeios-com-animais-e-classifica-touradas-como-cruel-e-em-declinio\/\"><img loading=\"lazy\" decoding=\"async\" width=\"1024\" height=\"730\" src=\"https:\/\/nomundodoturismo.com.br\/home\/wp-content\/uploads\/2026\/03\/39499497800_79757b9950_o-scaled-e1772194965158-1024x730-1.jpg\" class=\"attachment-post-thumbnail size-post-thumbnail wp-post-image\" alt=\"\" \/><\/a>\n\t\t\t\t\n\t\t\t\t<h2 class=\"su-post-title\"><a href=\"https:\/\/nomundodoturismo.com.br\/home\/2026\/03\/noticias\/mundo\/guia-michelin-corta-passeios-com-animais-e-classifica-touradas-como-cruel-e-em-declinio\/\">Guia Michelin corta passeios com animais e classifica touradas como \u201ccruel e em decl\u00ednio\u201d<\/a><\/h2>\n\n\t\t\t\t<div class=\"su-post-meta\">\n\t\t\t\t\tPosted: 2 de mar\u00e7o de 2026\t\t\t\t<\/div>\n\n\t\t\t\t<div class=\"su-post-excerpt\">\n\t\t\t\t\t<p>O Michelin Green Guide, publica\u00e7\u00e3o da Michelin \u00c9ditions, anunciou ontem (26) que deixar\u00e1 de recomendar atividades tur\u00edsticas com uso de animais, como passeios de elefante e camelo, al\u00e9m de interromper a venda de artigos de couro. A decis\u00e3o foi confirmada ap\u00f3s posicionamento da Peta e marca os 100 anos do guia, com revis\u00e3o de conte\u00fados<\/p>\n\t\t\t\t<\/div>\n\n\t\t\t\t\n\t\t\t<\/div>\n\n\t\t\t\t\t\n\t\t\t\n\t\t\t<div id=\"su-post-2833\" class=\"su-post \">\n\n\t\t\t\t\t\t\t\t\t<a class=\"su-post-thumbnail\" href=\"https:\/\/nomundodoturismo.com.br\/home\/2026\/02\/noticias\/mundo\/onu-turismo-convida-para-evento-virtual-sobre-turismo-de-baixo-carbono\/\"><img loading=\"lazy\" decoding=\"async\" width=\"700\" height=\"500\" src=\"https:\/\/nomundodoturismo.com.br\/home\/wp-content\/uploads\/2026\/02\/Design-sem-nome-48.jpg\" class=\"attachment-post-thumbnail size-post-thumbnail wp-post-image\" alt=\"\" \/><\/a>\n\t\t\t\t\n\t\t\t\t<h2 class=\"su-post-title\"><a href=\"https:\/\/nomundodoturismo.com.br\/home\/2026\/02\/noticias\/mundo\/onu-turismo-convida-para-evento-virtual-sobre-turismo-de-baixo-carbono\/\">ONU Turismo convida para evento virtual sobre turismo de baixo carbono<\/a><\/h2>\n\n\t\t\t\t<div class=\"su-post-meta\">\n\t\t\t\t\tPosted: 25 de fevereiro de 2026\t\t\t\t<\/div>\n\n\t\t\t\t<div class=\"su-post-excerpt\">\n\t\t\t\t\t<p>Em alus\u00e3o ao Dia Mundial da Resili\u00eancia do Turismo, a ONU Turismo lidera a realiza\u00e7\u00e3o de semin\u00e1rios virtuais sobre turismo de baixo carbono, no \u00e2mbito da iniciativa One Planet, coordenada pelo Programa das Na\u00e7\u00f5es Unidas para o Meio Ambiente (PNUMA). O pr\u00f3ximo encontro internacional ser\u00e1 realizado nesta quinta-feira (26), das 12h \u00e0s 14h, em formato<\/p>\n\t\t\t\t<\/div>\n\n\t\t\t\t\n\t\t\t<\/div>\n\n\t\t\t\t\t\n\t\t\t\n\t\t\t<div id=\"su-post-2829\" class=\"su-post \">\n\n\t\t\t\t\t\t\t\t\t<a class=\"su-post-thumbnail\" href=\"https:\/\/nomundodoturismo.com.br\/home\/2026\/02\/noticias\/mundo\/cin-ou-rg-qual-documento-vale-para-viajar-de-aviao-no-brasil-entenda\/\"><img loading=\"lazy\" decoding=\"async\" width=\"700\" height=\"500\" src=\"https:\/\/nomundodoturismo.com.br\/home\/wp-content\/uploads\/2026\/02\/Design-sem-nome-47.jpg\" class=\"attachment-post-thumbnail size-post-thumbnail wp-post-image\" alt=\"\" \/><\/a>\n\t\t\t\t\n\t\t\t\t<h2 class=\"su-post-title\"><a href=\"https:\/\/nomundodoturismo.com.br\/home\/2026\/02\/noticias\/mundo\/cin-ou-rg-qual-documento-vale-para-viajar-de-aviao-no-brasil-entenda\/\">CIN ou RG: qual documento vale para viajar de avi\u00e3o no Brasil? Entenda<\/a><\/h2>\n\n\t\t\t\t<div class=\"su-post-meta\">\n\t\t\t\t\tPosted: 25 de fevereiro de 2026\t\t\t\t<\/div>\n\n\t\t\t\t<div class=\"su-post-excerpt\">\n\t\t\t\t\t<p>A ado\u00e7\u00e3o da nova Carteira de Identidade Nacional (CIN), emitida desde julho de 2022, tem gerado d\u00favidas entre viajantes brasileiros, principalmente ap\u00f3s a circula\u00e7\u00e3o de informa\u00e7\u00f5es de que o documento j\u00e1 seria obrigat\u00f3rio nos aeroportos. Mas, afinal, a CIN j\u00e1 \u00e9 exigida para embarque? A resposta depende do tipo de viagem e do destino. A<\/p>\n\t\t\t\t<\/div>\n\n\t\t\t\t\n\t\t\t<\/div>\n\n\t\t\t\t\t\n\t\t\t\n\t\t\t<div id=\"su-post-2742\" class=\"su-post \">\n\n\t\t\t\t\t\t\t\t\t<a class=\"su-post-thumbnail\" href=\"https:\/\/nomundodoturismo.com.br\/home\/2026\/02\/noticias\/mundo\/greve-na-argentina-cancela-mais-de-250-voos-e-atinge-rotas-com-o-brasil-confira-os-impactados\/\"><img loading=\"lazy\" decoding=\"async\" width=\"1280\" height=\"865\" src=\"https:\/\/nomundodoturismo.com.br\/home\/wp-content\/uploads\/2026\/02\/IMG_3789.jpeg\" class=\"attachment-post-thumbnail size-post-thumbnail wp-post-image\" alt=\"\" \/><\/a>\n\t\t\t\t\n\t\t\t\t<h2 class=\"su-post-title\"><a href=\"https:\/\/nomundodoturismo.com.br\/home\/2026\/02\/noticias\/mundo\/greve-na-argentina-cancela-mais-de-250-voos-e-atinge-rotas-com-o-brasil-confira-os-impactados\/\">Greve na Argentina cancela mais de 250 voos e atinge rotas com o Brasil; confira os impactados<\/a><\/h2>\n\n\t\t\t\t<div class=\"su-post-meta\">\n\t\t\t\t\tPosted: 19 de fevereiro de 2026\t\t\t\t<\/div>\n\n\t\t\t\t<div class=\"su-post-excerpt\">\n\t\t\t\t\t<p>A avia\u00e7\u00e3o comercial na Argentina sofreu uma paralisa\u00e7\u00e3o quase total nesta quinta-feira (19) por conta da greve geral convocada pela Confedera\u00e7\u00e3o Geral do Trabalho (CGT), em conjunto com a CTA e a CATT. O movimento, que tamb\u00e9m contou com a ades\u00e3o dos principais sindicatos do setor a\u00e9reo, impactou diretamente voos dom\u00e9sticos e internacionais, inclusive rotas<\/p>\n\t\t\t\t<\/div>\n\n\t\t\t\t\n\t\t\t<\/div>\n\n\t\t\n\t\n<\/div>\n\n<div id=\"nomun-1565156980\" class=\"nomun-rodape nomun-entity-placement\" style=\"margin-left: auto;margin-right: auto;text-align: center;\"><a href=\"https:\/\/nomundodoturismo.com.br\/home\/\" aria-label=\"Imagem: Lan\u00e7amento do Festival\"><img loading=\"lazy\" decoding=\"async\" src=\"https:\/\/nomundodoturismo.com.br\/home\/wp-content\/uploads\/2025\/05\/banner3.png\" alt=\"\"  srcset=\"https:\/\/nomundodoturismo.com.br\/home\/wp-content\/uploads\/2025\/05\/banner3.png 780w, https:\/\/nomundodoturismo.com.br\/home\/wp-content\/uploads\/2025\/05\/banner3-300x35.png 300w, https:\/\/nomundodoturismo.com.br\/home\/wp-content\/uploads\/2025\/05\/banner3-768x89.png 768w\" sizes=\"(max-width: 780px) 100vw, 780px\" width=\"780\" height=\"90\"  style=\"display: inline-block;\" \/><\/a><\/div>","protected":false},"excerpt":{"rendered":"","protected":false},"author":1,"featured_media":0,"parent":0,"menu_order":0,"comment_status":"closed","ping_status":"closed","template":"","meta":{"_acf_changed":false,"_crdt_document":"","_FSMCFIC_featured_image_caption":"","_FSMCFIC_featured_image_nocaption":"","_FSMCFIC_featured_image_hide":"","footnotes":""},"class_list":["post-67","page","type-page","status-publish","hentry"],"acf":[],"yoast_head":"<!-- This site is optimized with the Yoast SEO plugin v27.3 - https:\/\/yoast.com\/product\/yoast-seo-wordpress\/ -->\n<title>Mundo - No mundo do Turismo<\/title>\n<meta name=\"robots\" content=\"index, follow, max-snippet:-1, max-image-preview:large, max-video-preview:-1\" \/>\n<link rel=\"canonical\" href=\"https:\/\/nomundodoturismo.com.br\/home\/mundo\/\" \/>\n<meta property=\"og:locale\" content=\"pt_BR\" \/>\n<meta property=\"og:type\" content=\"article\" \/>\n<meta property=\"og:title\" content=\"Mundo - No mundo do Turismo\" \/>\n<meta property=\"og:url\" content=\"https:\/\/nomundodoturismo.com.br\/home\/mundo\/\" \/>\n<meta property=\"og:site_name\" content=\"No mundo do Turismo\" \/>\n<meta property=\"article:publisher\" content=\"https:\/\/facebook.com\/nomundodoturismo\" \/>\n<meta property=\"article:modified_time\" content=\"2025-03-15T03:56:29+00:00\" \/>\n<meta name=\"twitter:card\" content=\"summary_large_image\" \/>\n<meta name=\"twitter:site\" content=\"@nomundodoturismo\" \/>\n<script type=\"application\/ld+json\" class=\"yoast-schema-graph\">{\"@context\":\"https:\\\/\\\/schema.org\",\"@graph\":[{\"@type\":\"WebPage\",\"@id\":\"https:\\\/\\\/nomundodoturismo.com.br\\\/home\\\/mundo\\\/\",\"url\":\"https:\\\/\\\/nomundodoturismo.com.br\\\/home\\\/mundo\\\/\",\"name\":\"Mundo - No mundo do Turismo\",\"isPartOf\":{\"@id\":\"https:\\\/\\\/nomundodoturismo.com.br\\\/home\\\/#website\"},\"datePublished\":\"2025-02-28T02:22:32+00:00\",\"dateModified\":\"2025-03-15T03:56:29+00:00\",\"breadcrumb\":{\"@id\":\"https:\\\/\\\/nomundodoturismo.com.br\\\/home\\\/mundo\\\/#breadcrumb\"},\"inLanguage\":\"pt-BR\",\"potentialAction\":[{\"@type\":\"ReadAction\",\"target\":[\"https:\\\/\\\/nomundodoturismo.com.br\\\/home\\\/mundo\\\/\"]}]},{\"@type\":\"BreadcrumbList\",\"@id\":\"https:\\\/\\\/nomundodoturismo.com.br\\\/home\\\/mundo\\\/#breadcrumb\",\"itemListElement\":[{\"@type\":\"ListItem\",\"position\":1,\"name\":\"In\u00edcio\",\"item\":\"https:\\\/\\\/nomundodoturismo.com.br\\\/home\\\/\"},{\"@type\":\"ListItem\",\"position\":2,\"name\":\"Mundo\"}]},{\"@type\":\"WebSite\",\"@id\":\"https:\\\/\\\/nomundodoturismo.com.br\\\/home\\\/#website\",\"url\":\"https:\\\/\\\/nomundodoturismo.com.br\\\/home\\\/\",\"name\":\"No Mundo do Turismo\",\"description\":\"Um espa\u00e7o para compartilhar experi\u00eancia e informa\u00e7\u00f5es tur\u00edsticas e culturais\",\"publisher\":{\"@id\":\"https:\\\/\\\/nomundodoturismo.com.br\\\/home\\\/#organization\"},\"potentialAction\":[{\"@type\":\"SearchAction\",\"target\":{\"@type\":\"EntryPoint\",\"urlTemplate\":\"https:\\\/\\\/nomundodoturismo.com.br\\\/home\\\/?s={search_term_string}\"},\"query-input\":{\"@type\":\"PropertyValueSpecification\",\"valueRequired\":true,\"valueName\":\"search_term_string\"}}],\"inLanguage\":\"pt-BR\"},{\"@type\":\"Organization\",\"@id\":\"https:\\\/\\\/nomundodoturismo.com.br\\\/home\\\/#organization\",\"name\":\"No Mundo do Turismo\",\"url\":\"https:\\\/\\\/nomundodoturismo.com.br\\\/home\\\/\",\"logo\":{\"@type\":\"ImageObject\",\"inLanguage\":\"pt-BR\",\"@id\":\"https:\\\/\\\/nomundodoturismo.com.br\\\/home\\\/#\\\/schema\\\/logo\\\/image\\\/\",\"url\":\"https:\\\/\\\/nomundodoturismo.com.br\\\/home\\\/wp-content\\\/uploads\\\/2025\\\/02\\\/centralNMTurismo2024.png\",\"contentUrl\":\"https:\\\/\\\/nomundodoturismo.com.br\\\/home\\\/wp-content\\\/uploads\\\/2025\\\/02\\\/centralNMTurismo2024.png\",\"width\":500,\"height\":150,\"caption\":\"No Mundo do Turismo\"},\"image\":{\"@id\":\"https:\\\/\\\/nomundodoturismo.com.br\\\/home\\\/#\\\/schema\\\/logo\\\/image\\\/\"},\"sameAs\":[\"https:\\\/\\\/facebook.com\\\/nomundodoturismo\",\"https:\\\/\\\/x.com\\\/nomundodoturismo\"]}]}<\/script>\n<!-- \/ Yoast SEO plugin. -->","yoast_head_json":{"title":"Mundo - No mundo do Turismo","robots":{"index":"index","follow":"follow","max-snippet":"max-snippet:-1","max-image-preview":"max-image-preview:large","max-video-preview":"max-video-preview:-1"},"canonical":"https:\/\/nomundodoturismo.com.br\/home\/mundo\/","og_locale":"pt_BR","og_type":"article","og_title":"Mundo - No mundo do Turismo","og_url":"https:\/\/nomundodoturismo.com.br\/home\/mundo\/","og_site_name":"No mundo do Turismo","article_publisher":"https:\/\/facebook.com\/nomundodoturismo","article_modified_time":"2025-03-15T03:56:29+00:00","twitter_card":"summary_large_image","twitter_site":"@nomundodoturismo","schema":{"@context":"https:\/\/schema.org","@graph":[{"@type":"WebPage","@id":"https:\/\/nomundodoturismo.com.br\/home\/mundo\/","url":"https:\/\/nomundodoturismo.com.br\/home\/mundo\/","name":"Mundo - No mundo do Turismo","isPartOf":{"@id":"https:\/\/nomundodoturismo.com.br\/home\/#website"},"datePublished":"2025-02-28T02:22:32+00:00","dateModified":"2025-03-15T03:56:29+00:00","breadcrumb":{"@id":"https:\/\/nomundodoturismo.com.br\/home\/mundo\/#breadcrumb"},"inLanguage":"pt-BR","potentialAction":[{"@type":"ReadAction","target":["https:\/\/nomundodoturismo.com.br\/home\/mundo\/"]}]},{"@type":"BreadcrumbList","@id":"https:\/\/nomundodoturismo.com.br\/home\/mundo\/#breadcrumb","itemListElement":[{"@type":"ListItem","position":1,"name":"In\u00edcio","item":"https:\/\/nomundodoturismo.com.br\/home\/"},{"@type":"ListItem","position":2,"name":"Mundo"}]},{"@type":"WebSite","@id":"https:\/\/nomundodoturismo.com.br\/home\/#website","url":"https:\/\/nomundodoturismo.com.br\/home\/","name":"No Mundo do Turismo","description":"Um espa\u00e7o para compartilhar experi\u00eancia e informa\u00e7\u00f5es tur\u00edsticas e culturais","publisher":{"@id":"https:\/\/nomundodoturismo.com.br\/home\/#organization"},"potentialAction":[{"@type":"SearchAction","target":{"@type":"EntryPoint","urlTemplate":"https:\/\/nomundodoturismo.com.br\/home\/?s={search_term_string}"},"query-input":{"@type":"PropertyValueSpecification","valueRequired":true,"valueName":"search_term_string"}}],"inLanguage":"pt-BR"},{"@type":"Organization","@id":"https:\/\/nomundodoturismo.com.br\/home\/#organization","name":"No Mundo do Turismo","url":"https:\/\/nomundodoturismo.com.br\/home\/","logo":{"@type":"ImageObject","inLanguage":"pt-BR","@id":"https:\/\/nomundodoturismo.com.br\/home\/#\/schema\/logo\/image\/","url":"https:\/\/nomundodoturismo.com.br\/home\/wp-content\/uploads\/2025\/02\/centralNMTurismo2024.png","contentUrl":"https:\/\/nomundodoturismo.com.br\/home\/wp-content\/uploads\/2025\/02\/centralNMTurismo2024.png","width":500,"height":150,"caption":"No Mundo do Turismo"},"image":{"@id":"https:\/\/nomundodoturismo.com.br\/home\/#\/schema\/logo\/image\/"},"sameAs":["https:\/\/facebook.com\/nomundodoturismo","https:\/\/x.com\/nomundodoturismo"]}]}},"jetpack_sharing_enabled":true,"_links":{"self":[{"href":"https:\/\/nomundodoturismo.com.br\/home\/wp-json\/wp\/v2\/pages\/67","targetHints":{"allow":["GET"]}}],"collection":[{"href":"https:\/\/nomundodoturismo.com.br\/home\/wp-json\/wp\/v2\/pages"}],"about":[{"href":"https:\/\/nomundodoturismo.com.br\/home\/wp-json\/wp\/v2\/types\/page"}],"author":[{"embeddable":true,"href":"https:\/\/nomundodoturismo.com.br\/home\/wp-json\/wp\/v2\/users\/1"}],"replies":[{"embeddable":true,"href":"https:\/\/nomundodoturismo.com.br\/home\/wp-json\/wp\/v2\/comments?post=67"}],"version-history":[{"count":2,"href":"https:\/\/nomundodoturismo.com.br\/home\/wp-json\/wp\/v2\/pages\/67\/revisions"}],"predecessor-version":[{"id":148,"href":"https:\/\/nomundodoturismo.com.br\/home\/wp-json\/wp\/v2\/pages\/67\/revisions\/148"}],"wp:attachment":[{"href":"https:\/\/nomundodoturismo.com.br\/home\/wp-json\/wp\/v2\/media?parent=67"}],"curies":[{"name":"wp","href":"https:\/\/api.w.org\/{rel}","templated":true}]}}