{"id":69,"date":"2025-02-27T23:22:50","date_gmt":"2025-02-28T02:22:50","guid":{"rendered":"https:\/\/nomundodoturismo.com.br\/home\/?page_id=69"},"modified":"2025-03-15T00:55:25","modified_gmt":"2025-03-15T03:55:25","slug":"paraiba","status":"publish","type":"page","link":"https:\/\/nomundodoturismo.com.br\/home\/paraiba\/","title":{"rendered":"Para\u00edba"},"content":{"rendered":"<div id=\"nomun-113103204\" class=\"nomun-top nomun-entity-placement\" style=\"margin-left: auto;margin-right: auto;text-align: center;\"><a href=\"https:\/\/nomundodoturismo.com.br\/home\/\" aria-label=\"Imagem: Lan\u00e7amento do Festival\"><img loading=\"lazy\" decoding=\"async\" src=\"https:\/\/nomundodoturismo.com.br\/home\/wp-content\/uploads\/2025\/05\/banner3.png\" alt=\"\"  srcset=\"https:\/\/nomundodoturismo.com.br\/home\/wp-content\/uploads\/2025\/05\/banner3.png 780w, https:\/\/nomundodoturismo.com.br\/home\/wp-content\/uploads\/2025\/05\/banner3-300x35.png 300w, https:\/\/nomundodoturismo.com.br\/home\/wp-content\/uploads\/2025\/05\/banner3-768x89.png 768w\" sizes=\"(max-width: 780px) 100vw, 780px\" width=\"780\" height=\"90\"  style=\"display: inline-block;\" \/><\/a><\/div>\n\n<div class=\"su-posts su-posts-default-loop \">\n\n\t\n\t\t\t\t\t\n\t\t\t\n\t\t\t<div id=\"su-post-3394\" class=\"su-post \">\n\n\t\t\t\t\t\t\t\t\t<a class=\"su-post-thumbnail\" href=\"https:\/\/nomundodoturismo.com.br\/home\/2026\/04\/noticias\/paraiba\/ville-des-plantes-recebe-gravacao-de-audio-visual-do-cantor-taua-cordel-nesta-quinta-feira-23\/\"><img loading=\"lazy\" decoding=\"async\" width=\"700\" height=\"500\" src=\"https:\/\/nomundodoturismo.com.br\/home\/wp-content\/uploads\/2026\/04\/Untitled-design-17.jpeg\" class=\"attachment-post-thumbnail size-post-thumbnail wp-post-image\" alt=\"\" \/><\/a>\n\t\t\t\t\n\t\t\t\t<h2 class=\"su-post-title\"><a href=\"https:\/\/nomundodoturismo.com.br\/home\/2026\/04\/noticias\/paraiba\/ville-des-plantes-recebe-gravacao-de-audio-visual-do-cantor-taua-cordel-nesta-quinta-feira-23\/\">Ville des Plantes recebe grava\u00e7\u00e3o do cantor Tau\u00e3 Cordel nesta quinta-feira (23)<\/a><\/h2>\n\n\t\t\t\t<div class=\"su-post-meta\">\n\t\t\t\t\tPosted: 22 de abril de 2026\t\t\t\t<\/div>\n\n\t\t\t\t<div class=\"su-post-excerpt\">\n\t\t\t\t\t<p>Nesta quinta-feira, 23 de abril, a partir das 17 horas, o Ville des Plantes Open Mall ser\u00e1 palco da grava\u00e7\u00e3o de um novo projeto audiovisual do cantor e compositor Tau\u00e3 Cordel. Com uma carreira marcada pela valoriza\u00e7\u00e3o do forr\u00f3 e pela versatilidade musical, Tau\u00e3 Cordel tem ampliado seu alcance ao dialogar com diferentes estilos. Entre<\/p>\n\t\t\t\t<\/div>\n\n\t\t\t\t\n\t\t\t<\/div>\n\n\t\t\t\t\t\n\t\t\t\n\t\t\t<div id=\"su-post-3366\" class=\"su-post \">\n\n\t\t\t\t\t\t\t\t\t<a class=\"su-post-thumbnail\" href=\"https:\/\/nomundodoturismo.com.br\/home\/2026\/04\/noticias\/paraiba\/acquai-chega-a-joao-pessoa-e-combina-parque-aquatico-cultura-e-lazer\/\"><img loading=\"lazy\" decoding=\"async\" width=\"700\" height=\"500\" src=\"https:\/\/nomundodoturismo.com.br\/home\/wp-content\/uploads\/2026\/04\/Untitled-design-13.jpeg\" class=\"attachment-post-thumbnail size-post-thumbnail wp-post-image\" alt=\"\" \/><\/a>\n\t\t\t\t\n\t\t\t\t<h2 class=\"su-post-title\"><a href=\"https:\/\/nomundodoturismo.com.br\/home\/2026\/04\/noticias\/paraiba\/acquai-chega-a-joao-pessoa-e-combina-parque-aquatico-cultura-e-lazer\/\">Acqua\u00ed chega a Jo\u00e3o Pessoa e combina parque aqu\u00e1tico, cultura e lazer<\/a><\/h2>\n\n\t\t\t\t<div class=\"su-post-meta\">\n\t\t\t\t\tPosted: 17 de abril de 2026\t\t\t\t<\/div>\n\n\t\t\t\t<div class=\"su-post-excerpt\">\n\t\t\t\t\t<p>O novo parque tem\u00e1tico e aqu\u00e1tico Acqua\u00ed, em Jo\u00e3o Pessoa, j\u00e1 tem data prevista para come\u00e7ar a receber o p\u00fablico. A primeira fase do empreendimento deve ser inaugurada em agosto, m\u00eas em que a capital paraibana celebra seu anivers\u00e1rio. A abertura marca o in\u00edcio de uma opera\u00e7\u00e3o gradual, planejada para crescer ao longo do tempo.<\/p>\n\t\t\t\t<\/div>\n\n\t\t\t\t\n\t\t\t<\/div>\n\n\t\t\t\t\t\n\t\t\t\n\t\t\t<div id=\"su-post-3322\" class=\"su-post \">\n\n\t\t\t\t\t\t\t\t\t<a class=\"su-post-thumbnail\" href=\"https:\/\/nomundodoturismo.com.br\/home\/2026\/04\/noticias\/paraiba\/sertao-turistico-exponegocios-aposta-em-inovacao-e-experiencias-no-interior-da-paraiba\/\"><img loading=\"lazy\" decoding=\"async\" width=\"700\" height=\"500\" src=\"https:\/\/nomundodoturismo.com.br\/home\/wp-content\/uploads\/2026\/04\/WhatsApp-Image-2026-04-09-at-23.21.39.jpeg\" class=\"attachment-post-thumbnail size-post-thumbnail wp-post-image\" alt=\"\" \/><\/a>\n\t\t\t\t\n\t\t\t\t<h2 class=\"su-post-title\"><a href=\"https:\/\/nomundodoturismo.com.br\/home\/2026\/04\/noticias\/paraiba\/sertao-turistico-exponegocios-aposta-em-inovacao-e-experiencias-no-interior-da-paraiba\/\">SerT\u00e3o Tur\u00edstico Exponeg\u00f3cios aposta em inova\u00e7\u00e3o e experi\u00eancias no interior da Para\u00edba<\/a><\/h2>\n\n\t\t\t\t<div class=\"su-post-meta\">\n\t\t\t\t\tPosted: 10 de abril de 2026\t\t\t\t<\/div>\n\n\t\t\t\t<div class=\"su-post-excerpt\">\n\t\t\t\t\t<p>O sert\u00e3o da Para\u00edba se prepara para receber mais uma edi\u00e7\u00e3o de um evento que vem se consolidando no calend\u00e1rio tur\u00edstico regional. A II SerT\u00e3o Tur\u00edstico Exponeg\u00f3cios ser\u00e1 realizada de 15 a 17 de maio, no munic\u00edpio de Serra Grande, reunindo empreendedores, profissionais do setor e visitantes em uma programa\u00e7\u00e3o voltada ao turismo, \u00e0 cultura<\/p>\n\t\t\t\t<\/div>\n\n\t\t\t\t\n\t\t\t<\/div>\n\n\t\t\t\t\t\n\t\t\t\n\t\t\t<div id=\"su-post-3327\" class=\"su-post \">\n\n\t\t\t\t\t\t\t\t\t<a class=\"su-post-thumbnail\" href=\"https:\/\/nomundodoturismo.com.br\/home\/2026\/04\/noticias\/paraiba\/sebrae-promove-capacitacao-para-conselhos-municipais-de-turismo\/\"><img loading=\"lazy\" decoding=\"async\" width=\"700\" height=\"500\" src=\"https:\/\/nomundodoturismo.com.br\/home\/wp-content\/uploads\/2025\/11\/Untitled-design-35.jpeg\" class=\"attachment-post-thumbnail size-post-thumbnail wp-post-image\" alt=\"\" \/><\/a>\n\t\t\t\t\n\t\t\t\t<h2 class=\"su-post-title\"><a href=\"https:\/\/nomundodoturismo.com.br\/home\/2026\/04\/noticias\/paraiba\/sebrae-promove-capacitacao-para-conselhos-municipais-de-turismo\/\">Sebrae promove capacita\u00e7\u00e3o para Conselhos Municipais de Turismo<\/a><\/h2>\n\n\t\t\t\t<div class=\"su-post-meta\">\n\t\t\t\t\tPosted: 9 de abril de 2026\t\t\t\t<\/div>\n\n\t\t\t\t<div class=\"su-post-excerpt\">\n\t\t\t\t\t<p>Os munic\u00edpios paraibanos ganharam mais um refor\u00e7o para melhorar as atividades tur\u00edsticas locais e, assim, promover o empreendedorismo no setor. O Sebrae\/PB em parceria com o governo do estado vai realizar uma capacita\u00e7\u00e3o para os Conselhos Municipais de Turismo (Comtur). As primeiras a\u00e7\u00f5es j\u00e1 come\u00e7am no pr\u00f3ximo dia 14, na cidade de Mamanguape, litoral norte<\/p>\n\t\t\t\t<\/div>\n\n\t\t\t\t\n\t\t\t<\/div>\n\n\t\t\t\t\t\n\t\t\t\n\t\t\t<div id=\"su-post-3307\" class=\"su-post \">\n\n\t\t\t\t\t\t\t\t\t<a class=\"su-post-thumbnail\" href=\"https:\/\/nomundodoturismo.com.br\/home\/2026\/04\/noticias\/paraiba\/circuito-sesc-de-corridas-une-esporte-lazer-e-turismo-na-paraiba-com-sorteio-de-hospedagens\/\"><img loading=\"lazy\" decoding=\"async\" width=\"700\" height=\"500\" src=\"https:\/\/nomundodoturismo.com.br\/home\/wp-content\/uploads\/2026\/04\/IMG_6227.jpeg\" class=\"attachment-post-thumbnail size-post-thumbnail wp-post-image\" alt=\"\" \/><\/a>\n\t\t\t\t\n\t\t\t\t<h2 class=\"su-post-title\"><a href=\"https:\/\/nomundodoturismo.com.br\/home\/2026\/04\/noticias\/paraiba\/circuito-sesc-de-corridas-une-esporte-lazer-e-turismo-na-paraiba-com-sorteio-de-hospedagens\/\">Circuito Sesc de Corridas une esporte, lazer e turismo na Para\u00edba com sorteio de hospedagens<\/a><\/h2>\n\n\t\t\t\t<div class=\"su-post-meta\">\n\t\t\t\t\tPosted: 9 de abril de 2026\t\t\t\t<\/div>\n\n\t\t\t\t<div class=\"su-post-excerpt\">\n\t\t\t\t\t<p>O turismo e o esporte v\u00e3o correr lado a lado na Para\u00edba com a chegada do Circuito Sesc de Corridas, que promete movimentar n\u00e3o apenas atletas, mas tamb\u00e9m viajantes em busca de experi\u00eancias diferenciadas. A iniciativa traz um incentivo extra: ao se inscrever, o participante automaticamente concorre a hospedagens em dois destinos tur\u00edsticos do estado.<\/p>\n\t\t\t\t<\/div>\n\n\t\t\t\t\n\t\t\t<\/div>\n\n\t\t\t\t\t\n\t\t\t\n\t\t\t<div id=\"su-post-3284\" class=\"su-post \">\n\n\t\t\t\t\t\t\t\t\t<a class=\"su-post-thumbnail\" href=\"https:\/\/nomundodoturismo.com.br\/home\/2026\/04\/noticias\/paraiba\/caminhos-do-frio-2026-anuncia-shows-de-ze-vaqueiro-geraldo-azevedo-maneva-e-thiaguinho-confira-a-programacao-completa\/\"><img loading=\"lazy\" decoding=\"async\" width=\"700\" height=\"500\" src=\"https:\/\/nomundodoturismo.com.br\/home\/wp-content\/uploads\/2026\/04\/Untitled-design-2.png\" class=\"attachment-post-thumbnail size-post-thumbnail wp-post-image\" alt=\"\" \/><\/a>\n\t\t\t\t\n\t\t\t\t<h2 class=\"su-post-title\"><a href=\"https:\/\/nomundodoturismo.com.br\/home\/2026\/04\/noticias\/paraiba\/caminhos-do-frio-2026-anuncia-shows-de-ze-vaqueiro-geraldo-azevedo-maneva-e-thiaguinho-confira-a-programacao-completa\/\">Caminhos do Frio 2026 anuncia shows de Z\u00e9 Vaqueiro, Geraldo Azevedo, Maneva e Thiaguinho; confira a programa\u00e7\u00e3o completa<\/a><\/h2>\n\n\t\t\t\t<div class=\"su-post-meta\">\n\t\t\t\t\tPosted: 6 de abril de 2026\t\t\t\t<\/div>\n\n\t\t\t\t<div class=\"su-post-excerpt\">\n\t\t\t\t\t<p>A t\u00e3o esperada programa\u00e7\u00e3o da 20\u00aa edi\u00e7\u00e3o da Rota Cultural Caminhos do Frio foi divulgada nesta segunda-feira (6), em evento realizado em Alagoa Nova. O festival, que agita o Brejo da Para\u00edba entre 1\u00ba de julho e 6 de setembro, promete uma mistura irresist\u00edvel de m\u00fasica, artes c\u00eanicas, gastronomia regional, trilhas ecol\u00f3gicas, visitas a engenhos<\/p>\n\t\t\t\t<\/div>\n\n\t\t\t\t\n\t\t\t<\/div>\n\n\t\t\t\t\t\n\t\t\t\n\t\t\t<div id=\"su-post-3264\" class=\"su-post \">\n\n\t\t\t\t\t\t\t\t\t<a class=\"su-post-thumbnail\" href=\"https:\/\/nomundodoturismo.com.br\/home\/2026\/04\/noticias\/paraiba\/paraiba-anuncia-primeiro-parque-sensorial-estadual-para-pessoas-com-autismo\/\"><img loading=\"lazy\" decoding=\"async\" width=\"700\" height=\"500\" src=\"https:\/\/nomundodoturismo.com.br\/home\/wp-content\/uploads\/2026\/04\/Untitled-design-3.jpeg\" class=\"attachment-post-thumbnail size-post-thumbnail wp-post-image\" alt=\"\" \/><\/a>\n\t\t\t\t\n\t\t\t\t<h2 class=\"su-post-title\"><a href=\"https:\/\/nomundodoturismo.com.br\/home\/2026\/04\/noticias\/paraiba\/paraiba-anuncia-primeiro-parque-sensorial-estadual-para-pessoas-com-autismo\/\">Para\u00edba anuncia primeiro parque sensorial estadual para pessoas com autismo<\/a><\/h2>\n\n\t\t\t\t<div class=\"su-post-meta\">\n\t\t\t\t\tPosted: 2 de abril de 2026\t\t\t\t<\/div>\n\n\t\t\t\t<div class=\"su-post-excerpt\">\n\t\t\t\t\t<p>A Para\u00edba ter\u00e1 o primeiro parque sensorial estadual voltado a pessoas com Transtorno do Espectro Autista (TEA). O an\u00fancio foi feito pelo novo governador, Lucas Ribeiro, durante a cerim\u00f4nia de posse realizada nesta quinta-feira (2). O equipamento ser\u00e1 implantado na Granja Santana, resid\u00eancia oficial do chefe do Executivo, que passar\u00e1 a abrigar um espa\u00e7o adaptado<\/p>\n\t\t\t\t<\/div>\n\n\t\t\t\t\n\t\t\t<\/div>\n\n\t\t\t\t\t\n\t\t\t\n\t\t\t<div id=\"su-post-3251\" class=\"su-post \">\n\n\t\t\t\t\t\t\t\t\t<a class=\"su-post-thumbnail\" href=\"https:\/\/nomundodoturismo.com.br\/home\/2026\/04\/noticias\/paraiba\/igreja-do-rosario-dos-pretos-deve-reabrir-em-outubro-durante-festa-do-rosario\/\"><img loading=\"lazy\" decoding=\"async\" width=\"700\" height=\"500\" src=\"https:\/\/nomundodoturismo.com.br\/home\/wp-content\/uploads\/2026\/04\/Design-sem-nome.jpeg\" class=\"attachment-post-thumbnail size-post-thumbnail wp-post-image\" alt=\"\" \/><\/a>\n\t\t\t\t\n\t\t\t\t<h2 class=\"su-post-title\"><a href=\"https:\/\/nomundodoturismo.com.br\/home\/2026\/04\/noticias\/paraiba\/igreja-do-rosario-dos-pretos-deve-reabrir-em-outubro-durante-festa-do-rosario\/\">EM AREIA: Igreja do Ros\u00e1rio dos Pretos deve reabrir em outubro com retorno da festa tradicional<\/a><\/h2>\n\n\t\t\t\t<div class=\"su-post-meta\">\n\t\t\t\t\tPosted: 2 de abril de 2026\t\t\t\t<\/div>\n\n\t\t\t\t<div class=\"su-post-excerpt\">\n\t\t\t\t\t<p>A Igreja de Nossa Senhora do Ros\u00e1rio dos Pretos, um dos principais patrim\u00f4nios hist\u00f3ricos de Areia, tem previs\u00e3o de reabertura para o dia 7 de outubro de 2026, data em que tradicionalmente \u00e9 realizada a Festa do Ros\u00e1rio. O templo est\u00e1 fechado desde 2023 devido a problemas estruturais. A meta foi refor\u00e7ada durante visita t\u00e9cnica<\/p>\n\t\t\t\t<\/div>\n\n\t\t\t\t\n\t\t\t<\/div>\n\n\t\t\t\t\t\n\t\t\t\n\t\t\t<div id=\"su-post-3225\" class=\"su-post \">\n\n\t\t\t\t\t\t\t\t\t<a class=\"su-post-thumbnail\" href=\"https:\/\/nomundodoturismo.com.br\/home\/2026\/03\/noticias\/paraiba\/roteiro-turistico-une-trilhas-gastronomia-e-cultura-no-interior-da-paraiba\/\"><img loading=\"lazy\" decoding=\"async\" width=\"700\" height=\"500\" src=\"https:\/\/nomundodoturismo.com.br\/home\/wp-content\/uploads\/2026\/03\/Untitled-design-41.jpeg\" class=\"attachment-post-thumbnail size-post-thumbnail wp-post-image\" alt=\"\" \/><\/a>\n\t\t\t\t\n\t\t\t\t<h2 class=\"su-post-title\"><a href=\"https:\/\/nomundodoturismo.com.br\/home\/2026\/03\/noticias\/paraiba\/roteiro-turistico-une-trilhas-gastronomia-e-cultura-no-interior-da-paraiba\/\">Roteiro tur\u00edstico une natureza, gastronomia e cultura no interior da Para\u00edba<\/a><\/h2>\n\n\t\t\t\t<div class=\"su-post-meta\">\n\t\t\t\t\tPosted: 31 de mar\u00e7o de 2026\t\t\t\t<\/div>\n\n\t\t\t\t<div class=\"su-post-excerpt\">\n\t\t\t\t\t<p>Um roteiro que mistura natureza, cultura e gastronomia come\u00e7a a ganhar forma no interior da Para\u00edba, com propostas que v\u00e3o al\u00e9m da contempla\u00e7\u00e3o e convidam o visitante a participar ativamente de cada experi\u00eancia. A Rota EcoCriativa do Brejo conecta diferentes viv\u00eancias em munic\u00edpios como Arara e Pil\u00f5ezinhos, reunindo atividades que valorizam o territ\u00f3rio e quem<\/p>\n\t\t\t\t<\/div>\n\n\t\t\t\t\n\t\t\t<\/div>\n\n\t\t\t\t\t\n\t\t\t\n\t\t\t<div id=\"su-post-3220\" class=\"su-post \">\n\n\t\t\t\t\t\t\t\t\t<a class=\"su-post-thumbnail\" href=\"https:\/\/nomundodoturismo.com.br\/home\/2026\/03\/noticias\/paraiba\/joao-pessoa-vai-ganhar-piscina-de-ondas-no-polo-turistico-cabo-branco\/\"><img loading=\"lazy\" decoding=\"async\" width=\"700\" height=\"500\" src=\"https:\/\/nomundodoturismo.com.br\/home\/wp-content\/uploads\/2026\/03\/Untitled-design-40.jpeg\" class=\"attachment-post-thumbnail size-post-thumbnail wp-post-image\" alt=\"\" \/><\/a>\n\t\t\t\t\n\t\t\t\t<h2 class=\"su-post-title\"><a href=\"https:\/\/nomundodoturismo.com.br\/home\/2026\/03\/noticias\/paraiba\/joao-pessoa-vai-ganhar-piscina-de-ondas-no-polo-turistico-cabo-branco\/\">Jo\u00e3o Pessoa vai ganhar piscina de ondas no Polo Tur\u00edstico Cabo Branco<\/a><\/h2>\n\n\t\t\t\t<div class=\"su-post-meta\">\n\t\t\t\t\tPosted: 31 de mar\u00e7o de 2026\t\t\t\t<\/div>\n\n\t\t\t\t<div class=\"su-post-excerpt\">\n\t\t\t\t\t<p>O Polo Tur\u00edstico Cabo Branco, em Jo\u00e3o Pessoa, deve ganhar um novo equipamento voltado \u00e0 experi\u00eancia e ao lazer: uma piscina de ondas artificiais associada a um empreendimento hoteleiro. O contrato foi assinado nesta ter\u00e7a-feira (31) pelo governador Jo\u00e3o Azev\u00eado. O projeto prev\u00ea investimento inicial de R$ 322 milh\u00f5es e a gera\u00e7\u00e3o de 610 empregos<\/p>\n\t\t\t\t<\/div>\n\n\t\t\t\t\n\t\t\t<\/div>\n\n\t\t\n\t\n<\/div>\n\n<div id=\"nomun-2096819571\" class=\"nomun-rodape nomun-entity-placement\" style=\"margin-left: auto;margin-right: auto;text-align: center;\"><a href=\"https:\/\/nomundodoturismo.com.br\/home\/\" aria-label=\"Imagem: Lan\u00e7amento do Festival\"><img loading=\"lazy\" decoding=\"async\" src=\"https:\/\/nomundodoturismo.com.br\/home\/wp-content\/uploads\/2025\/05\/banner3.png\" alt=\"\"  srcset=\"https:\/\/nomundodoturismo.com.br\/home\/wp-content\/uploads\/2025\/05\/banner3.png 780w, https:\/\/nomundodoturismo.com.br\/home\/wp-content\/uploads\/2025\/05\/banner3-300x35.png 300w, https:\/\/nomundodoturismo.com.br\/home\/wp-content\/uploads\/2025\/05\/banner3-768x89.png 768w\" sizes=\"(max-width: 780px) 100vw, 780px\" width=\"780\" height=\"90\"  style=\"display: inline-block;\" \/><\/a><\/div>","protected":false},"excerpt":{"rendered":"","protected":false},"author":1,"featured_media":0,"parent":0,"menu_order":0,"comment_status":"closed","ping_status":"closed","template":"","meta":{"_acf_changed":false,"_crdt_document":"","_FSMCFIC_featured_image_caption":"","_FSMCFIC_featured_image_nocaption":"","_FSMCFIC_featured_image_hide":"","footnotes":""},"class_list":["post-69","page","type-page","status-publish","hentry"],"acf":[],"yoast_head":"<!-- This site is optimized with the Yoast SEO plugin v27.3 - https:\/\/yoast.com\/product\/yoast-seo-wordpress\/ -->\n<title>Para\u00edba - No mundo do Turismo<\/title>\n<meta name=\"robots\" content=\"index, follow, max-snippet:-1, max-image-preview:large, max-video-preview:-1\" \/>\n<link rel=\"canonical\" href=\"https:\/\/nomundodoturismo.com.br\/home\/paraiba\/\" \/>\n<meta property=\"og:locale\" content=\"pt_BR\" \/>\n<meta property=\"og:type\" content=\"article\" \/>\n<meta property=\"og:title\" content=\"Para\u00edba - No mundo do Turismo\" \/>\n<meta property=\"og:url\" content=\"https:\/\/nomundodoturismo.com.br\/home\/paraiba\/\" \/>\n<meta property=\"og:site_name\" content=\"No mundo do Turismo\" \/>\n<meta property=\"article:publisher\" content=\"https:\/\/facebook.com\/nomundodoturismo\" \/>\n<meta property=\"article:modified_time\" content=\"2025-03-15T03:55:25+00:00\" \/>\n<meta name=\"twitter:card\" content=\"summary_large_image\" \/>\n<meta name=\"twitter:site\" content=\"@nomundodoturismo\" \/>\n<script type=\"application\/ld+json\" class=\"yoast-schema-graph\">{\"@context\":\"https:\\\/\\\/schema.org\",\"@graph\":[{\"@type\":\"WebPage\",\"@id\":\"https:\\\/\\\/nomundodoturismo.com.br\\\/home\\\/paraiba\\\/\",\"url\":\"https:\\\/\\\/nomundodoturismo.com.br\\\/home\\\/paraiba\\\/\",\"name\":\"Para\u00edba - No mundo do Turismo\",\"isPartOf\":{\"@id\":\"https:\\\/\\\/nomundodoturismo.com.br\\\/home\\\/#website\"},\"datePublished\":\"2025-02-28T02:22:50+00:00\",\"dateModified\":\"2025-03-15T03:55:25+00:00\",\"breadcrumb\":{\"@id\":\"https:\\\/\\\/nomundodoturismo.com.br\\\/home\\\/paraiba\\\/#breadcrumb\"},\"inLanguage\":\"pt-BR\",\"potentialAction\":[{\"@type\":\"ReadAction\",\"target\":[\"https:\\\/\\\/nomundodoturismo.com.br\\\/home\\\/paraiba\\\/\"]}]},{\"@type\":\"BreadcrumbList\",\"@id\":\"https:\\\/\\\/nomundodoturismo.com.br\\\/home\\\/paraiba\\\/#breadcrumb\",\"itemListElement\":[{\"@type\":\"ListItem\",\"position\":1,\"name\":\"In\u00edcio\",\"item\":\"https:\\\/\\\/nomundodoturismo.com.br\\\/home\\\/\"},{\"@type\":\"ListItem\",\"position\":2,\"name\":\"Para\u00edba\"}]},{\"@type\":\"WebSite\",\"@id\":\"https:\\\/\\\/nomundodoturismo.com.br\\\/home\\\/#website\",\"url\":\"https:\\\/\\\/nomundodoturismo.com.br\\\/home\\\/\",\"name\":\"No Mundo do Turismo\",\"description\":\"Um espa\u00e7o para compartilhar experi\u00eancia e informa\u00e7\u00f5es tur\u00edsticas e culturais\",\"publisher\":{\"@id\":\"https:\\\/\\\/nomundodoturismo.com.br\\\/home\\\/#organization\"},\"potentialAction\":[{\"@type\":\"SearchAction\",\"target\":{\"@type\":\"EntryPoint\",\"urlTemplate\":\"https:\\\/\\\/nomundodoturismo.com.br\\\/home\\\/?s={search_term_string}\"},\"query-input\":{\"@type\":\"PropertyValueSpecification\",\"valueRequired\":true,\"valueName\":\"search_term_string\"}}],\"inLanguage\":\"pt-BR\"},{\"@type\":\"Organization\",\"@id\":\"https:\\\/\\\/nomundodoturismo.com.br\\\/home\\\/#organization\",\"name\":\"No Mundo do Turismo\",\"url\":\"https:\\\/\\\/nomundodoturismo.com.br\\\/home\\\/\",\"logo\":{\"@type\":\"ImageObject\",\"inLanguage\":\"pt-BR\",\"@id\":\"https:\\\/\\\/nomundodoturismo.com.br\\\/home\\\/#\\\/schema\\\/logo\\\/image\\\/\",\"url\":\"https:\\\/\\\/nomundodoturismo.com.br\\\/home\\\/wp-content\\\/uploads\\\/2025\\\/02\\\/centralNMTurismo2024.png\",\"contentUrl\":\"https:\\\/\\\/nomundodoturismo.com.br\\\/home\\\/wp-content\\\/uploads\\\/2025\\\/02\\\/centralNMTurismo2024.png\",\"width\":500,\"height\":150,\"caption\":\"No Mundo do Turismo\"},\"image\":{\"@id\":\"https:\\\/\\\/nomundodoturismo.com.br\\\/home\\\/#\\\/schema\\\/logo\\\/image\\\/\"},\"sameAs\":[\"https:\\\/\\\/facebook.com\\\/nomundodoturismo\",\"https:\\\/\\\/x.com\\\/nomundodoturismo\"]}]}<\/script>\n<!-- \/ Yoast SEO plugin. -->","yoast_head_json":{"title":"Para\u00edba - No mundo do Turismo","robots":{"index":"index","follow":"follow","max-snippet":"max-snippet:-1","max-image-preview":"max-image-preview:large","max-video-preview":"max-video-preview:-1"},"canonical":"https:\/\/nomundodoturismo.com.br\/home\/paraiba\/","og_locale":"pt_BR","og_type":"article","og_title":"Para\u00edba - No mundo do Turismo","og_url":"https:\/\/nomundodoturismo.com.br\/home\/paraiba\/","og_site_name":"No mundo do Turismo","article_publisher":"https:\/\/facebook.com\/nomundodoturismo","article_modified_time":"2025-03-15T03:55:25+00:00","twitter_card":"summary_large_image","twitter_site":"@nomundodoturismo","schema":{"@context":"https:\/\/schema.org","@graph":[{"@type":"WebPage","@id":"https:\/\/nomundodoturismo.com.br\/home\/paraiba\/","url":"https:\/\/nomundodoturismo.com.br\/home\/paraiba\/","name":"Para\u00edba - No mundo do Turismo","isPartOf":{"@id":"https:\/\/nomundodoturismo.com.br\/home\/#website"},"datePublished":"2025-02-28T02:22:50+00:00","dateModified":"2025-03-15T03:55:25+00:00","breadcrumb":{"@id":"https:\/\/nomundodoturismo.com.br\/home\/paraiba\/#breadcrumb"},"inLanguage":"pt-BR","potentialAction":[{"@type":"ReadAction","target":["https:\/\/nomundodoturismo.com.br\/home\/paraiba\/"]}]},{"@type":"BreadcrumbList","@id":"https:\/\/nomundodoturismo.com.br\/home\/paraiba\/#breadcrumb","itemListElement":[{"@type":"ListItem","position":1,"name":"In\u00edcio","item":"https:\/\/nomundodoturismo.com.br\/home\/"},{"@type":"ListItem","position":2,"name":"Para\u00edba"}]},{"@type":"WebSite","@id":"https:\/\/nomundodoturismo.com.br\/home\/#website","url":"https:\/\/nomundodoturismo.com.br\/home\/","name":"No Mundo do Turismo","description":"Um espa\u00e7o para compartilhar experi\u00eancia e informa\u00e7\u00f5es tur\u00edsticas e culturais","publisher":{"@id":"https:\/\/nomundodoturismo.com.br\/home\/#organization"},"potentialAction":[{"@type":"SearchAction","target":{"@type":"EntryPoint","urlTemplate":"https:\/\/nomundodoturismo.com.br\/home\/?s={search_term_string}"},"query-input":{"@type":"PropertyValueSpecification","valueRequired":true,"valueName":"search_term_string"}}],"inLanguage":"pt-BR"},{"@type":"Organization","@id":"https:\/\/nomundodoturismo.com.br\/home\/#organization","name":"No Mundo do Turismo","url":"https:\/\/nomundodoturismo.com.br\/home\/","logo":{"@type":"ImageObject","inLanguage":"pt-BR","@id":"https:\/\/nomundodoturismo.com.br\/home\/#\/schema\/logo\/image\/","url":"https:\/\/nomundodoturismo.com.br\/home\/wp-content\/uploads\/2025\/02\/centralNMTurismo2024.png","contentUrl":"https:\/\/nomundodoturismo.com.br\/home\/wp-content\/uploads\/2025\/02\/centralNMTurismo2024.png","width":500,"height":150,"caption":"No Mundo do Turismo"},"image":{"@id":"https:\/\/nomundodoturismo.com.br\/home\/#\/schema\/logo\/image\/"},"sameAs":["https:\/\/facebook.com\/nomundodoturismo","https:\/\/x.com\/nomundodoturismo"]}]}},"jetpack_sharing_enabled":true,"_links":{"self":[{"href":"https:\/\/nomundodoturismo.com.br\/home\/wp-json\/wp\/v2\/pages\/69","targetHints":{"allow":["GET"]}}],"collection":[{"href":"https:\/\/nomundodoturismo.com.br\/home\/wp-json\/wp\/v2\/pages"}],"about":[{"href":"https:\/\/nomundodoturismo.com.br\/home\/wp-json\/wp\/v2\/types\/page"}],"author":[{"embeddable":true,"href":"https:\/\/nomundodoturismo.com.br\/home\/wp-json\/wp\/v2\/users\/1"}],"replies":[{"embeddable":true,"href":"https:\/\/nomundodoturismo.com.br\/home\/wp-json\/wp\/v2\/comments?post=69"}],"version-history":[{"count":2,"href":"https:\/\/nomundodoturismo.com.br\/home\/wp-json\/wp\/v2\/pages\/69\/revisions"}],"predecessor-version":[{"id":147,"href":"https:\/\/nomundodoturismo.com.br\/home\/wp-json\/wp\/v2\/pages\/69\/revisions\/147"}],"wp:attachment":[{"href":"https:\/\/nomundodoturismo.com.br\/home\/wp-json\/wp\/v2\/media?parent=69"}],"curies":[{"name":"wp","href":"https:\/\/api.w.org\/{rel}","templated":true}]}}